{"id":121,"date":"2021-01-15T16:51:08","date_gmt":"2021-01-15T16:51:08","guid":{"rendered":"https:\/\/museologiavirtual.tech\/projetoantirracista\/?page_id=121"},"modified":"2021-01-15T16:51:08","modified_gmt":"2021-01-15T16:51:08","slug":"apresentacao","status":"publish","type":"page","link":"https:\/\/museologiavirtual.tech\/projetoantirracista\/apresentacao\/","title":{"rendered":"Apresenta\u00e7\u00e3o"},"content":{"rendered":"<p>O presente espa\u00e7o disponibiliza pesquisas desenvolvidas pelo laborat\u00f3rio digital.<\/p>\n","protected":false},"excerpt":{"rendered":"<p>O presente espa\u00e7o disponibiliza pesquisas desenvolvidas pelo laborat\u00f3rio digital.<\/p>\n","protected":false},"author":1,"featured_media":0,"parent":0,"menu_order":0,"comment_status":"closed","ping_status":"closed","template":"","meta":{"sfsi_plus_gutenberg_text_before_share":"","sfsi_plus_gutenberg_show_text_before_share":"","sfsi_plus_gutenberg_icon_type":"","sfsi_plus_gutenberg_icon_alignemt":"","sfsi_plus_gutenburg_max_per_row":"","footnotes":""},"class_list":["post-121","page","type-page","status-publish","hentry"],"_links":{"self":[{"href":"https:\/\/museologiavirtual.tech\/projetoantirracista\/wp-json\/wp\/v2\/pages\/121","targetHints":{"allow":["GET"]}}],"collection":[{"href":"https:\/\/museologiavirtual.tech\/projetoantirracista\/wp-json\/wp\/v2\/pages"}],"about":[{"href":"https:\/\/museologiavirtual.tech\/projetoantirracista\/wp-json\/wp\/v2\/types\/page"}],"author":[{"embeddable":true,"href":"https:\/\/museologiavirtual.tech\/projetoantirracista\/wp-json\/wp\/v2\/users\/1"}],"replies":[{"embeddable":true,"href":"https:\/\/museologiavirtual.tech\/projetoantirracista\/wp-json\/wp\/v2\/comments?post=121"}],"version-history":[{"count":1,"href":"https:\/\/museologiavirtual.tech\/projetoantirracista\/wp-json\/wp\/v2\/pages\/121\/revisions"}],"predecessor-version":[{"id":123,"href":"https:\/\/museologiavirtual.tech\/projetoantirracista\/wp-json\/wp\/v2\/pages\/121\/revisions\/123"}],"wp:attachment":[{"href":"https:\/\/museologiavirtual.tech\/projetoantirracista\/wp-json\/wp\/v2\/media?parent=121"}],"curies":[{"name":"wp","href":"https:\/\/api.w.org\/{rel}","templated":true}]}}