{"id":3706,"date":"2024-04-12T18:13:46","date_gmt":"2024-04-12T21:13:46","guid":{"rendered":"https:\/\/museologiavirtual.tech\/porumasociedadeantirracista\/?page_id=3706"},"modified":"2024-04-12T18:20:48","modified_gmt":"2024-04-12T21:20:48","slug":"jogos-antirracistas","status":"publish","type":"page","link":"https:\/\/museologiavirtual.tech\/porumasociedadeantirracista\/?page_id=3706","title":{"rendered":"Jogos antirracistas"},"content":{"rendered":"\t\t<div data-elementor-type=\"wp-page\" data-elementor-id=\"3706\" class=\"elementor elementor-3706\">\n\t\t\t\t\t\t<section class=\"elementor-section elementor-top-section elementor-element elementor-element-4cbeb3d elementor-section-full_width elementor-section-stretched elementor-section-height-default elementor-section-height-default\" data-id=\"4cbeb3d\" data-element_type=\"section\" data-e-type=\"section\" data-settings=\"{&quot;stretch_section&quot;:&quot;section-stretched&quot;}\">\n\t\t\t\t\t\t<div class=\"elementor-container elementor-column-gap-no\">\n\t\t\t\t\t<div class=\"elementor-column elementor-col-100 elementor-top-column elementor-element elementor-element-8f9f3c8\" data-id=\"8f9f3c8\" data-element_type=\"column\" data-e-type=\"column\">\n\t\t\t<div class=\"elementor-widget-wrap\">\n\t\t\t\t\t\t\t<\/div>\n\t\t<\/div>\n\t\t\t\t\t<\/div>\n\t\t<\/section>\n\t\t\t\t<section class=\"elementor-section elementor-top-section elementor-element elementor-element-c4d4921 elementor-section-boxed elementor-section-height-default elementor-section-height-default\" data-id=\"c4d4921\" data-element_type=\"section\" data-e-type=\"section\">\n\t\t\t\t\t\t<div class=\"elementor-container elementor-column-gap-default\">\n\t\t\t\t\t<div class=\"elementor-column elementor-col-100 elementor-top-column elementor-element elementor-element-607bc1d\" data-id=\"607bc1d\" data-element_type=\"column\" data-e-type=\"column\">\n\t\t\t<div class=\"elementor-widget-wrap elementor-element-populated\">\n\t\t\t\t\t\t<div class=\"elementor-element elementor-element-8d2fa77 elementor-widget elementor-widget-text-editor\" data-id=\"8d2fa77\" data-element_type=\"widget\" data-e-type=\"widget\" data-widget_type=\"text-editor.default\">\n\t\t\t\t<div class=\"elementor-widget-container\">\n\t\t\t\t\t\t\t\t\t<p style=\"font-family: 'Open Sans', sans-serif; font-size: 17px;\"><span style=\"font-size: 14pt;\"><span style=\"color: #000000;\"><span style=\"font-size: 14pt;\">O<\/span> <\/span><span style=\"font-family: Aptos, sans-serif; color: var( --e-global-color-text );\">Museologia virtual lab (MUSEVIRTUALLAB) vem desenvolvendo alguns jogos voltados \u00e0 tem\u00e1tica antirracista. <\/span><\/span><\/p><p style=\"font-family: 'Open Sans', sans-serif; font-size: 17px;\"><span style=\"font-size: 14pt;\"><span style=\"font-family: Aptos, sans-serif; color: var( --e-global-color-text );\">O objetivo principal \u00e9, ao levar o jogo para escolas e ONGs, mobilizar reflex\u00f5es, voltadas \u00e0 identifica\u00e7\u00e3o do racismo estrutural.<\/span><\/span><\/p><p style=\"font-family: 'Open Sans', sans-serif; font-size: 17px;\"><span style=\"font-size: 14pt;\"><span style=\"font-family: Aptos, sans-serif; color: var( --e-global-color-text );\">Conhe\u00e7a alguns:<\/span><\/span><\/p><p style=\"padding-left: 40px;\"><span style=\"font-size: 14pt;\"><img fetchpriority=\"high\" decoding=\"async\" class=\" wp-image-3510 alignleft\" style=\"color: #000000; font-family: 'Open Sans', sans-serif;\" src=\"https:\/\/museologiavirtual.tech\/porumasociedadeantirracista\/wp-content\/uploads\/2024\/04\/jogo-298x300.png\" alt=\"\" width=\"232\" height=\"233\" srcset=\"https:\/\/museologiavirtual.tech\/porumasociedadeantirracista\/wp-content\/uploads\/2024\/04\/jogo-298x300.png 298w, https:\/\/museologiavirtual.tech\/porumasociedadeantirracista\/wp-content\/uploads\/2024\/04\/jogo-150x150.png 150w, https:\/\/museologiavirtual.tech\/porumasociedadeantirracista\/wp-content\/uploads\/2024\/04\/jogo.png 548w\" sizes=\"(max-width: 232px) 100vw, 232px\" \/>1- Jogos de tabuleiro:\u00a0<\/span><\/p><p style=\"padding-left: 40px;\"><span style=\"font-size: 14pt;\">1.1 <strong>Jogo &#8220;Voc\u00ea conhece I?<\/strong>&#8220;- voltado \u00e0 divulga\u00e7\u00e3o de personalidades negr<\/span><span style=\"font-size: 14pt;\">as ( homens e mulheres), no Brasil e no mundo.<\/span><\/p><p style=\"padding-left: 40px;\"><span style=\"font-size: 14pt;\">1.2 <strong>Jogo &#8220;Voc\u00ea conhece II?<\/strong>&#8221; &#8211; voltado \u00e0 divulga\u00e7\u00e3o de mulheres negras brasileiras.<\/span><\/p><p>\u00a0<\/p><p>\u00a0<\/p>\t\t\t\t\t\t\t\t<\/div>\n\t\t\t\t<\/div>\n\t\t\t\t\t<\/div>\n\t\t<\/div>\n\t\t\t\t\t<\/div>\n\t\t<\/section>\n\t\t\t\t<\/div>\n\t\t","protected":false},"excerpt":{"rendered":"<p>O Museologia virtual lab (MUSEVIRTUALLAB) vem desenvolvendo alguns jogos voltados \u00e0 tem\u00e1tica antirracista. O objetivo principal \u00e9, ao levar o jogo para escolas e ONGs, mobilizar reflex\u00f5es, voltadas \u00e0 identifica\u00e7\u00e3o do racismo estrutural. Conhe\u00e7a alguns: 1- Jogos de tabuleiro:\u00a0 1.1 Jogo &#8220;Voc\u00ea conhece I?&#8220;- voltado \u00e0 divulga\u00e7\u00e3o de personalidades negras ( homens e mulheres), no [&hellip;]<\/p>\n","protected":false},"author":1,"featured_media":0,"parent":0,"menu_order":0,"comment_status":"closed","ping_status":"closed","template":"","meta":{"footnotes":""},"class_list":["post-3706","page","type-page","status-publish","hentry"],"yoast_head":"<!-- This site is optimized with the Yoast SEO Premium plugin v20.1 (Yoast SEO v27.4) - https:\/\/yoast.com\/product\/yoast-seo-premium-wordpress\/ -->\n<title>Jogos antirracistas - Por uma sociedade antirracista<\/title>\n<meta name=\"robots\" content=\"index, follow, max-snippet:-1, max-image-preview:large, max-video-preview:-1\" \/>\n<link rel=\"canonical\" href=\"https:\/\/museologiavirtual.tech\/porumasociedadeantirracista\/?page_id=3706\" \/>\n<meta property=\"og:locale\" content=\"pt_BR\" \/>\n<meta property=\"og:type\" content=\"article\" \/>\n<meta property=\"og:title\" content=\"Jogos antirracistas\" \/>\n<meta property=\"og:description\" content=\"O Museologia virtual lab (MUSEVIRTUALLAB) vem desenvolvendo alguns jogos voltados \u00e0 tem\u00e1tica antirracista. O objetivo principal \u00e9, ao levar o jogo para escolas e ONGs, mobilizar reflex\u00f5es, voltadas \u00e0 identifica\u00e7\u00e3o do racismo estrutural. Conhe\u00e7a alguns: 1- Jogos de tabuleiro:\u00a0 1.1 Jogo &#8220;Voc\u00ea conhece I?&#8220;- voltado \u00e0 divulga\u00e7\u00e3o de personalidades negras ( homens e mulheres), no [&hellip;]\" \/>\n<meta property=\"og:url\" content=\"https:\/\/museologiavirtual.tech\/porumasociedadeantirracista\/?page_id=3706\" \/>\n<meta property=\"og:site_name\" content=\"Por uma sociedade antirracista\" \/>\n<meta property=\"article:publisher\" content=\"https:\/\/www.facebook.com\/EscoladeMuseologiaUnirio\/\" \/>\n<meta property=\"article:modified_time\" content=\"2024-04-12T21:20:48+00:00\" \/>\n<meta property=\"og:image\" content=\"https:\/\/museologiavirtual.tech\/porumasociedadeantirracista\/wp-content\/uploads\/2024\/04\/jogo-298x300.png\" \/>\n<meta name=\"twitter:card\" content=\"summary_large_image\" \/>\n<meta name=\"twitter:label1\" content=\"Est. tempo de leitura\" \/>\n\t<meta name=\"twitter:data1\" content=\"1 minuto\" \/>\n<script type=\"application\/ld+json\" class=\"yoast-schema-graph\">{\"@context\":\"https:\\\/\\\/schema.org\",\"@graph\":[{\"@type\":\"WebPage\",\"@id\":\"https:\\\/\\\/museologiavirtual.tech\\\/porumasociedadeantirracista\\\/?page_id=3706\",\"url\":\"https:\\\/\\\/museologiavirtual.tech\\\/porumasociedadeantirracista\\\/?page_id=3706\",\"name\":\"Jogos antirracistas - Por uma sociedade antirracista\",\"isPartOf\":{\"@id\":\"https:\\\/\\\/museologiavirtual.tech\\\/porumasociedadeantirracista\\\/#website\"},\"primaryImageOfPage\":{\"@id\":\"https:\\\/\\\/museologiavirtual.tech\\\/porumasociedadeantirracista\\\/?page_id=3706#primaryimage\"},\"image\":{\"@id\":\"https:\\\/\\\/museologiavirtual.tech\\\/porumasociedadeantirracista\\\/?page_id=3706#primaryimage\"},\"thumbnailUrl\":\"https:\\\/\\\/museologiavirtual.tech\\\/porumasociedadeantirracista\\\/wp-content\\\/uploads\\\/2024\\\/04\\\/jogo-298x300.png\",\"datePublished\":\"2024-04-12T21:13:46+00:00\",\"dateModified\":\"2024-04-12T21:20:48+00:00\",\"breadcrumb\":{\"@id\":\"https:\\\/\\\/museologiavirtual.tech\\\/porumasociedadeantirracista\\\/?page_id=3706#breadcrumb\"},\"inLanguage\":\"pt-BR\",\"potentialAction\":[{\"@type\":\"ReadAction\",\"target\":[\"https:\\\/\\\/museologiavirtual.tech\\\/porumasociedadeantirracista\\\/?page_id=3706\"]}]},{\"@type\":\"ImageObject\",\"inLanguage\":\"pt-BR\",\"@id\":\"https:\\\/\\\/museologiavirtual.tech\\\/porumasociedadeantirracista\\\/?page_id=3706#primaryimage\",\"url\":\"https:\\\/\\\/museologiavirtual.tech\\\/porumasociedadeantirracista\\\/wp-content\\\/uploads\\\/2024\\\/04\\\/jogo.png\",\"contentUrl\":\"https:\\\/\\\/museologiavirtual.tech\\\/porumasociedadeantirracista\\\/wp-content\\\/uploads\\\/2024\\\/04\\\/jogo.png\",\"width\":548,\"height\":552},{\"@type\":\"BreadcrumbList\",\"@id\":\"https:\\\/\\\/museologiavirtual.tech\\\/porumasociedadeantirracista\\\/?page_id=3706#breadcrumb\",\"itemListElement\":[{\"@type\":\"ListItem\",\"position\":1,\"name\":\"Home\",\"item\":\"https:\\\/\\\/museologiavirtual.tech\\\/porumasociedadeantirracista\\\/\"},{\"@type\":\"ListItem\",\"position\":2,\"name\":\"Jogos antirracistas\"}]},{\"@type\":\"WebSite\",\"@id\":\"https:\\\/\\\/museologiavirtual.tech\\\/porumasociedadeantirracista\\\/#website\",\"url\":\"https:\\\/\\\/museologiavirtual.tech\\\/porumasociedadeantirracista\\\/\",\"name\":\"Escola de Museologia Unirio\",\"description\":\"Museologia - Unirio\",\"publisher\":{\"@id\":\"https:\\\/\\\/museologiavirtual.tech\\\/porumasociedadeantirracista\\\/#organization\"},\"potentialAction\":[{\"@type\":\"SearchAction\",\"target\":{\"@type\":\"EntryPoint\",\"urlTemplate\":\"https:\\\/\\\/museologiavirtual.tech\\\/porumasociedadeantirracista\\\/?s={search_term_string}\"},\"query-input\":{\"@type\":\"PropertyValueSpecification\",\"valueRequired\":true,\"valueName\":\"search_term_string\"}}],\"inLanguage\":\"pt-BR\"},{\"@type\":\"Organization\",\"@id\":\"https:\\\/\\\/museologiavirtual.tech\\\/porumasociedadeantirracista\\\/#organization\",\"name\":\"Escola de Museologia Unirio\",\"url\":\"https:\\\/\\\/museologiavirtual.tech\\\/porumasociedadeantirracista\\\/\",\"logo\":{\"@type\":\"ImageObject\",\"inLanguage\":\"pt-BR\",\"@id\":\"https:\\\/\\\/museologiavirtual.tech\\\/porumasociedadeantirracista\\\/#\\\/schema\\\/logo\\\/image\\\/\",\"url\":\"https:\\\/\\\/museologiavirtual.tech\\\/porumasociedadeantirracista\\\/wp-content\\\/uploads\\\/2023\\\/12\\\/unirio.png\",\"contentUrl\":\"https:\\\/\\\/museologiavirtual.tech\\\/porumasociedadeantirracista\\\/wp-content\\\/uploads\\\/2023\\\/12\\\/unirio.png\",\"width\":2206,\"height\":2156,\"caption\":\"Escola de Museologia Unirio\"},\"image\":{\"@id\":\"https:\\\/\\\/museologiavirtual.tech\\\/porumasociedadeantirracista\\\/#\\\/schema\\\/logo\\\/image\\\/\"},\"sameAs\":[\"https:\\\/\\\/www.facebook.com\\\/EscoladeMuseologiaUnirio\\\/\"]}]}<\/script>\n<!-- \/ Yoast SEO Premium plugin. -->","yoast_head_json":{"title":"Jogos antirracistas - Por uma sociedade antirracista","robots":{"index":"index","follow":"follow","max-snippet":"max-snippet:-1","max-image-preview":"max-image-preview:large","max-video-preview":"max-video-preview:-1"},"canonical":"https:\/\/museologiavirtual.tech\/porumasociedadeantirracista\/?page_id=3706","og_locale":"pt_BR","og_type":"article","og_title":"Jogos antirracistas","og_description":"O Museologia virtual lab (MUSEVIRTUALLAB) vem desenvolvendo alguns jogos voltados \u00e0 tem\u00e1tica antirracista. O objetivo principal \u00e9, ao levar o jogo para escolas e ONGs, mobilizar reflex\u00f5es, voltadas \u00e0 identifica\u00e7\u00e3o do racismo estrutural. Conhe\u00e7a alguns: 1- Jogos de tabuleiro:\u00a0 1.1 Jogo &#8220;Voc\u00ea conhece I?&#8220;- voltado \u00e0 divulga\u00e7\u00e3o de personalidades negras ( homens e mulheres), no [&hellip;]","og_url":"https:\/\/museologiavirtual.tech\/porumasociedadeantirracista\/?page_id=3706","og_site_name":"Por uma sociedade antirracista","article_publisher":"https:\/\/www.facebook.com\/EscoladeMuseologiaUnirio\/","article_modified_time":"2024-04-12T21:20:48+00:00","og_image":[{"url":"https:\/\/museologiavirtual.tech\/porumasociedadeantirracista\/wp-content\/uploads\/2024\/04\/jogo-298x300.png","type":"","width":"","height":""}],"twitter_card":"summary_large_image","twitter_misc":{"Est. tempo de leitura":"1 minuto"},"schema":{"@context":"https:\/\/schema.org","@graph":[{"@type":"WebPage","@id":"https:\/\/museologiavirtual.tech\/porumasociedadeantirracista\/?page_id=3706","url":"https:\/\/museologiavirtual.tech\/porumasociedadeantirracista\/?page_id=3706","name":"Jogos antirracistas - Por uma sociedade antirracista","isPartOf":{"@id":"https:\/\/museologiavirtual.tech\/porumasociedadeantirracista\/#website"},"primaryImageOfPage":{"@id":"https:\/\/museologiavirtual.tech\/porumasociedadeantirracista\/?page_id=3706#primaryimage"},"image":{"@id":"https:\/\/museologiavirtual.tech\/porumasociedadeantirracista\/?page_id=3706#primaryimage"},"thumbnailUrl":"https:\/\/museologiavirtual.tech\/porumasociedadeantirracista\/wp-content\/uploads\/2024\/04\/jogo-298x300.png","datePublished":"2024-04-12T21:13:46+00:00","dateModified":"2024-04-12T21:20:48+00:00","breadcrumb":{"@id":"https:\/\/museologiavirtual.tech\/porumasociedadeantirracista\/?page_id=3706#breadcrumb"},"inLanguage":"pt-BR","potentialAction":[{"@type":"ReadAction","target":["https:\/\/museologiavirtual.tech\/porumasociedadeantirracista\/?page_id=3706"]}]},{"@type":"ImageObject","inLanguage":"pt-BR","@id":"https:\/\/museologiavirtual.tech\/porumasociedadeantirracista\/?page_id=3706#primaryimage","url":"https:\/\/museologiavirtual.tech\/porumasociedadeantirracista\/wp-content\/uploads\/2024\/04\/jogo.png","contentUrl":"https:\/\/museologiavirtual.tech\/porumasociedadeantirracista\/wp-content\/uploads\/2024\/04\/jogo.png","width":548,"height":552},{"@type":"BreadcrumbList","@id":"https:\/\/museologiavirtual.tech\/porumasociedadeantirracista\/?page_id=3706#breadcrumb","itemListElement":[{"@type":"ListItem","position":1,"name":"Home","item":"https:\/\/museologiavirtual.tech\/porumasociedadeantirracista\/"},{"@type":"ListItem","position":2,"name":"Jogos antirracistas"}]},{"@type":"WebSite","@id":"https:\/\/museologiavirtual.tech\/porumasociedadeantirracista\/#website","url":"https:\/\/museologiavirtual.tech\/porumasociedadeantirracista\/","name":"Escola de Museologia Unirio","description":"Museologia - Unirio","publisher":{"@id":"https:\/\/museologiavirtual.tech\/porumasociedadeantirracista\/#organization"},"potentialAction":[{"@type":"SearchAction","target":{"@type":"EntryPoint","urlTemplate":"https:\/\/museologiavirtual.tech\/porumasociedadeantirracista\/?s={search_term_string}"},"query-input":{"@type":"PropertyValueSpecification","valueRequired":true,"valueName":"search_term_string"}}],"inLanguage":"pt-BR"},{"@type":"Organization","@id":"https:\/\/museologiavirtual.tech\/porumasociedadeantirracista\/#organization","name":"Escola de Museologia Unirio","url":"https:\/\/museologiavirtual.tech\/porumasociedadeantirracista\/","logo":{"@type":"ImageObject","inLanguage":"pt-BR","@id":"https:\/\/museologiavirtual.tech\/porumasociedadeantirracista\/#\/schema\/logo\/image\/","url":"https:\/\/museologiavirtual.tech\/porumasociedadeantirracista\/wp-content\/uploads\/2023\/12\/unirio.png","contentUrl":"https:\/\/museologiavirtual.tech\/porumasociedadeantirracista\/wp-content\/uploads\/2023\/12\/unirio.png","width":2206,"height":2156,"caption":"Escola de Museologia Unirio"},"image":{"@id":"https:\/\/museologiavirtual.tech\/porumasociedadeantirracista\/#\/schema\/logo\/image\/"},"sameAs":["https:\/\/www.facebook.com\/EscoladeMuseologiaUnirio\/"]}]}},"_links":{"self":[{"href":"https:\/\/museologiavirtual.tech\/porumasociedadeantirracista\/index.php?rest_route=\/wp\/v2\/pages\/3706","targetHints":{"allow":["GET"]}}],"collection":[{"href":"https:\/\/museologiavirtual.tech\/porumasociedadeantirracista\/index.php?rest_route=\/wp\/v2\/pages"}],"about":[{"href":"https:\/\/museologiavirtual.tech\/porumasociedadeantirracista\/index.php?rest_route=\/wp\/v2\/types\/page"}],"author":[{"embeddable":true,"href":"https:\/\/museologiavirtual.tech\/porumasociedadeantirracista\/index.php?rest_route=\/wp\/v2\/users\/1"}],"replies":[{"embeddable":true,"href":"https:\/\/museologiavirtual.tech\/porumasociedadeantirracista\/index.php?rest_route=%2Fwp%2Fv2%2Fcomments&post=3706"}],"version-history":[{"count":10,"href":"https:\/\/museologiavirtual.tech\/porumasociedadeantirracista\/index.php?rest_route=\/wp\/v2\/pages\/3706\/revisions"}],"predecessor-version":[{"id":3719,"href":"https:\/\/museologiavirtual.tech\/porumasociedadeantirracista\/index.php?rest_route=\/wp\/v2\/pages\/3706\/revisions\/3719"}],"wp:attachment":[{"href":"https:\/\/museologiavirtual.tech\/porumasociedadeantirracista\/index.php?rest_route=%2Fwp%2Fv2%2Fmedia&parent=3706"}],"curies":[{"name":"wp","href":"https:\/\/api.w.org\/{rel}","templated":true}]}}