{"id":3672,"date":"2024-04-12T18:08:04","date_gmt":"2024-04-12T21:08:04","guid":{"rendered":"https:\/\/museologiavirtual.tech\/porumasociedadeantirracista\/?page_id=3672"},"modified":"2024-04-12T18:09:43","modified_gmt":"2024-04-12T21:09:43","slug":"projetos-2","status":"publish","type":"page","link":"https:\/\/museologiavirtual.tech\/porumasociedadeantirracista\/?page_id=3672","title":{"rendered":"Projetos"},"content":{"rendered":"\t\t<div data-elementor-type=\"wp-page\" data-elementor-id=\"3672\" class=\"elementor elementor-3672\">\n\t\t\t\t\t\t<section class=\"elementor-section elementor-top-section elementor-element elementor-element-4cbeb3d elementor-section-full_width elementor-section-stretched elementor-section-height-default elementor-section-height-default\" data-id=\"4cbeb3d\" data-element_type=\"section\" data-e-type=\"section\" data-settings=\"{&quot;stretch_section&quot;:&quot;section-stretched&quot;}\">\n\t\t\t\t\t\t<div class=\"elementor-container elementor-column-gap-no\">\n\t\t\t\t\t<div class=\"elementor-column elementor-col-100 elementor-top-column elementor-element elementor-element-8f9f3c8\" data-id=\"8f9f3c8\" data-element_type=\"column\" data-e-type=\"column\">\n\t\t\t<div class=\"elementor-widget-wrap\">\n\t\t\t\t\t\t\t<\/div>\n\t\t<\/div>\n\t\t\t\t\t<\/div>\n\t\t<\/section>\n\t\t\t\t<section class=\"elementor-section elementor-top-section elementor-element elementor-element-c4d4921 elementor-section-boxed elementor-section-height-default elementor-section-height-default\" data-id=\"c4d4921\" data-element_type=\"section\" data-e-type=\"section\">\n\t\t\t\t\t\t<div class=\"elementor-container elementor-column-gap-default\">\n\t\t\t\t\t<div class=\"elementor-column elementor-col-100 elementor-top-column elementor-element elementor-element-607bc1d\" data-id=\"607bc1d\" data-element_type=\"column\" data-e-type=\"column\">\n\t\t\t<div class=\"elementor-widget-wrap elementor-element-populated\">\n\t\t\t\t\t\t<div class=\"elementor-element elementor-element-8d2fa77 elementor-widget elementor-widget-text-editor\" data-id=\"8d2fa77\" data-element_type=\"widget\" data-e-type=\"widget\" data-widget_type=\"text-editor.default\">\n\t\t\t\t<div class=\"elementor-widget-container\">\n\t\t\t\t\t\t\t\t\t<p style=\"font-family: &quot;Open Sans&quot;, sans-serif; font-size: 17px;\"><span style=\"font-size: 14pt;\"><span style=\"color: rgb(0, 0, 0);\">O&nbsp;<\/span><span style=\"font-family: Aptos, sans-serif; color: var( --e-global-color-text );\">Museologia virtual lab (MUSEVIRTUALLAB), da Universidade Federal do Estado do Rio de Janeiro (UniRio), tem desenvolvido alguns projetos voltados \u00e0 tem\u00e1tica antirracista. No \u00e2mbito do Projeto &#8220;Por uma sociedade antirracista&#8221; foram desenvolvidos:<\/span><\/span><\/p>\n<ul style=\"font-size: 17px; background-color: rgb(255, 255, 255); font-family: &quot;Open Sans&quot;, sans-serif;\">\n<li style=\"font-size: 17px;\">Jogo antirracista \u201cVoc\u00ea conhece?\u201d<\/li>\n<li style=\"font-size: 17px;\"><a href=\"https:\/\/museologiavirtual.unirio.br\/seraqueemimimi\/\" target=\"_blank\" rel=\"noopener\" role=\"link\">Exposi\u00e7\u00e3o digital \u201cSer\u00e1 que \u00e9 MIMIMI?\u201d<\/a><\/li>\n<li style=\"font-size: 17px;\"><a href=\"https:\/\/museologiavirtual.unirio.br\/identidadeememoriaafricana\/\" target=\"_blank\" rel=\"noopener\" role=\"link\">Exposi\u00e7\u00e3o digital \u201cIdentidade e mem\u00f3ria africana: o IPN na luta contra o racismo\u201d<\/a>&nbsp;<\/li>\n<\/ul>\t\t\t\t\t\t\t\t<\/div>\n\t\t\t\t<\/div>\n\t\t\t\t\t<\/div>\n\t\t<\/div>\n\t\t\t\t\t<\/div>\n\t\t<\/section>\n\t\t\t\t<\/div>\n\t\t","protected":false},"excerpt":{"rendered":"<p>O&nbsp;Museologia virtual lab (MUSEVIRTUALLAB), da Universidade Federal do Estado do Rio de Janeiro (UniRio), tem desenvolvido alguns projetos voltados \u00e0 tem\u00e1tica antirracista. No \u00e2mbito do Projeto &#8220;Por uma sociedade antirracista&#8221; foram desenvolvidos: Jogo antirracista \u201cVoc\u00ea conhece?\u201d Exposi\u00e7\u00e3o digital \u201cSer\u00e1 que \u00e9 MIMIMI?\u201d Exposi\u00e7\u00e3o digital \u201cIdentidade e mem\u00f3ria africana: o IPN na luta contra o racismo\u201d&nbsp;<\/p>\n","protected":false},"author":1,"featured_media":0,"parent":0,"menu_order":0,"comment_status":"closed","ping_status":"closed","template":"","meta":{"footnotes":""},"class_list":["post-3672","page","type-page","status-publish","hentry"],"yoast_head":"<!-- This site is optimized with the Yoast SEO Premium plugin v20.1 (Yoast SEO v27.4) - https:\/\/yoast.com\/product\/yoast-seo-premium-wordpress\/ -->\n<title>Projetos - Por uma sociedade antirracista<\/title>\n<meta name=\"robots\" content=\"index, follow, max-snippet:-1, max-image-preview:large, max-video-preview:-1\" \/>\n<link rel=\"canonical\" href=\"https:\/\/museologiavirtual.tech\/porumasociedadeantirracista\/?page_id=3672\" \/>\n<meta property=\"og:locale\" content=\"pt_BR\" \/>\n<meta property=\"og:type\" content=\"article\" \/>\n<meta property=\"og:title\" content=\"Projetos\" \/>\n<meta property=\"og:description\" content=\"O&nbsp;Museologia virtual lab (MUSEVIRTUALLAB), da Universidade Federal do Estado do Rio de Janeiro (UniRio), tem desenvolvido alguns projetos voltados \u00e0 tem\u00e1tica antirracista. No \u00e2mbito do Projeto &#8220;Por uma sociedade antirracista&#8221; foram desenvolvidos: Jogo antirracista \u201cVoc\u00ea conhece?\u201d Exposi\u00e7\u00e3o digital \u201cSer\u00e1 que \u00e9 MIMIMI?\u201d Exposi\u00e7\u00e3o digital \u201cIdentidade e mem\u00f3ria africana: o IPN na luta contra o racismo\u201d&nbsp;\" \/>\n<meta property=\"og:url\" content=\"https:\/\/museologiavirtual.tech\/porumasociedadeantirracista\/?page_id=3672\" \/>\n<meta property=\"og:site_name\" content=\"Por uma sociedade antirracista\" \/>\n<meta property=\"article:publisher\" content=\"https:\/\/www.facebook.com\/EscoladeMuseologiaUnirio\/\" \/>\n<meta property=\"article:modified_time\" content=\"2024-04-12T21:09:43+00:00\" \/>\n<meta name=\"twitter:card\" content=\"summary_large_image\" \/>\n<meta name=\"twitter:label1\" content=\"Est. tempo de leitura\" \/>\n\t<meta name=\"twitter:data1\" content=\"1 minuto\" \/>\n<script type=\"application\/ld+json\" class=\"yoast-schema-graph\">{\"@context\":\"https:\\\/\\\/schema.org\",\"@graph\":[{\"@type\":\"WebPage\",\"@id\":\"https:\\\/\\\/museologiavirtual.tech\\\/porumasociedadeantirracista\\\/?page_id=3672\",\"url\":\"https:\\\/\\\/museologiavirtual.tech\\\/porumasociedadeantirracista\\\/?page_id=3672\",\"name\":\"Projetos - Por uma sociedade antirracista\",\"isPartOf\":{\"@id\":\"https:\\\/\\\/museologiavirtual.tech\\\/porumasociedadeantirracista\\\/#website\"},\"datePublished\":\"2024-04-12T21:08:04+00:00\",\"dateModified\":\"2024-04-12T21:09:43+00:00\",\"breadcrumb\":{\"@id\":\"https:\\\/\\\/museologiavirtual.tech\\\/porumasociedadeantirracista\\\/?page_id=3672#breadcrumb\"},\"inLanguage\":\"pt-BR\",\"potentialAction\":[{\"@type\":\"ReadAction\",\"target\":[\"https:\\\/\\\/museologiavirtual.tech\\\/porumasociedadeantirracista\\\/?page_id=3672\"]}]},{\"@type\":\"BreadcrumbList\",\"@id\":\"https:\\\/\\\/museologiavirtual.tech\\\/porumasociedadeantirracista\\\/?page_id=3672#breadcrumb\",\"itemListElement\":[{\"@type\":\"ListItem\",\"position\":1,\"name\":\"Home\",\"item\":\"https:\\\/\\\/museologiavirtual.tech\\\/porumasociedadeantirracista\\\/\"},{\"@type\":\"ListItem\",\"position\":2,\"name\":\"Projetos\"}]},{\"@type\":\"WebSite\",\"@id\":\"https:\\\/\\\/museologiavirtual.tech\\\/porumasociedadeantirracista\\\/#website\",\"url\":\"https:\\\/\\\/museologiavirtual.tech\\\/porumasociedadeantirracista\\\/\",\"name\":\"Escola de Museologia Unirio\",\"description\":\"Museologia - Unirio\",\"publisher\":{\"@id\":\"https:\\\/\\\/museologiavirtual.tech\\\/porumasociedadeantirracista\\\/#organization\"},\"potentialAction\":[{\"@type\":\"SearchAction\",\"target\":{\"@type\":\"EntryPoint\",\"urlTemplate\":\"https:\\\/\\\/museologiavirtual.tech\\\/porumasociedadeantirracista\\\/?s={search_term_string}\"},\"query-input\":{\"@type\":\"PropertyValueSpecification\",\"valueRequired\":true,\"valueName\":\"search_term_string\"}}],\"inLanguage\":\"pt-BR\"},{\"@type\":\"Organization\",\"@id\":\"https:\\\/\\\/museologiavirtual.tech\\\/porumasociedadeantirracista\\\/#organization\",\"name\":\"Escola de Museologia Unirio\",\"url\":\"https:\\\/\\\/museologiavirtual.tech\\\/porumasociedadeantirracista\\\/\",\"logo\":{\"@type\":\"ImageObject\",\"inLanguage\":\"pt-BR\",\"@id\":\"https:\\\/\\\/museologiavirtual.tech\\\/porumasociedadeantirracista\\\/#\\\/schema\\\/logo\\\/image\\\/\",\"url\":\"https:\\\/\\\/museologiavirtual.tech\\\/porumasociedadeantirracista\\\/wp-content\\\/uploads\\\/2023\\\/12\\\/unirio.png\",\"contentUrl\":\"https:\\\/\\\/museologiavirtual.tech\\\/porumasociedadeantirracista\\\/wp-content\\\/uploads\\\/2023\\\/12\\\/unirio.png\",\"width\":2206,\"height\":2156,\"caption\":\"Escola de Museologia Unirio\"},\"image\":{\"@id\":\"https:\\\/\\\/museologiavirtual.tech\\\/porumasociedadeantirracista\\\/#\\\/schema\\\/logo\\\/image\\\/\"},\"sameAs\":[\"https:\\\/\\\/www.facebook.com\\\/EscoladeMuseologiaUnirio\\\/\"]}]}<\/script>\n<!-- \/ Yoast SEO Premium plugin. -->","yoast_head_json":{"title":"Projetos - Por uma sociedade antirracista","robots":{"index":"index","follow":"follow","max-snippet":"max-snippet:-1","max-image-preview":"max-image-preview:large","max-video-preview":"max-video-preview:-1"},"canonical":"https:\/\/museologiavirtual.tech\/porumasociedadeantirracista\/?page_id=3672","og_locale":"pt_BR","og_type":"article","og_title":"Projetos","og_description":"O&nbsp;Museologia virtual lab (MUSEVIRTUALLAB), da Universidade Federal do Estado do Rio de Janeiro (UniRio), tem desenvolvido alguns projetos voltados \u00e0 tem\u00e1tica antirracista. No \u00e2mbito do Projeto &#8220;Por uma sociedade antirracista&#8221; foram desenvolvidos: Jogo antirracista \u201cVoc\u00ea conhece?\u201d Exposi\u00e7\u00e3o digital \u201cSer\u00e1 que \u00e9 MIMIMI?\u201d Exposi\u00e7\u00e3o digital \u201cIdentidade e mem\u00f3ria africana: o IPN na luta contra o racismo\u201d&nbsp;","og_url":"https:\/\/museologiavirtual.tech\/porumasociedadeantirracista\/?page_id=3672","og_site_name":"Por uma sociedade antirracista","article_publisher":"https:\/\/www.facebook.com\/EscoladeMuseologiaUnirio\/","article_modified_time":"2024-04-12T21:09:43+00:00","twitter_card":"summary_large_image","twitter_misc":{"Est. tempo de leitura":"1 minuto"},"schema":{"@context":"https:\/\/schema.org","@graph":[{"@type":"WebPage","@id":"https:\/\/museologiavirtual.tech\/porumasociedadeantirracista\/?page_id=3672","url":"https:\/\/museologiavirtual.tech\/porumasociedadeantirracista\/?page_id=3672","name":"Projetos - Por uma sociedade antirracista","isPartOf":{"@id":"https:\/\/museologiavirtual.tech\/porumasociedadeantirracista\/#website"},"datePublished":"2024-04-12T21:08:04+00:00","dateModified":"2024-04-12T21:09:43+00:00","breadcrumb":{"@id":"https:\/\/museologiavirtual.tech\/porumasociedadeantirracista\/?page_id=3672#breadcrumb"},"inLanguage":"pt-BR","potentialAction":[{"@type":"ReadAction","target":["https:\/\/museologiavirtual.tech\/porumasociedadeantirracista\/?page_id=3672"]}]},{"@type":"BreadcrumbList","@id":"https:\/\/museologiavirtual.tech\/porumasociedadeantirracista\/?page_id=3672#breadcrumb","itemListElement":[{"@type":"ListItem","position":1,"name":"Home","item":"https:\/\/museologiavirtual.tech\/porumasociedadeantirracista\/"},{"@type":"ListItem","position":2,"name":"Projetos"}]},{"@type":"WebSite","@id":"https:\/\/museologiavirtual.tech\/porumasociedadeantirracista\/#website","url":"https:\/\/museologiavirtual.tech\/porumasociedadeantirracista\/","name":"Escola de Museologia Unirio","description":"Museologia - Unirio","publisher":{"@id":"https:\/\/museologiavirtual.tech\/porumasociedadeantirracista\/#organization"},"potentialAction":[{"@type":"SearchAction","target":{"@type":"EntryPoint","urlTemplate":"https:\/\/museologiavirtual.tech\/porumasociedadeantirracista\/?s={search_term_string}"},"query-input":{"@type":"PropertyValueSpecification","valueRequired":true,"valueName":"search_term_string"}}],"inLanguage":"pt-BR"},{"@type":"Organization","@id":"https:\/\/museologiavirtual.tech\/porumasociedadeantirracista\/#organization","name":"Escola de Museologia Unirio","url":"https:\/\/museologiavirtual.tech\/porumasociedadeantirracista\/","logo":{"@type":"ImageObject","inLanguage":"pt-BR","@id":"https:\/\/museologiavirtual.tech\/porumasociedadeantirracista\/#\/schema\/logo\/image\/","url":"https:\/\/museologiavirtual.tech\/porumasociedadeantirracista\/wp-content\/uploads\/2023\/12\/unirio.png","contentUrl":"https:\/\/museologiavirtual.tech\/porumasociedadeantirracista\/wp-content\/uploads\/2023\/12\/unirio.png","width":2206,"height":2156,"caption":"Escola de Museologia Unirio"},"image":{"@id":"https:\/\/museologiavirtual.tech\/porumasociedadeantirracista\/#\/schema\/logo\/image\/"},"sameAs":["https:\/\/www.facebook.com\/EscoladeMuseologiaUnirio\/"]}]}},"_links":{"self":[{"href":"https:\/\/museologiavirtual.tech\/porumasociedadeantirracista\/index.php?rest_route=\/wp\/v2\/pages\/3672","targetHints":{"allow":["GET"]}}],"collection":[{"href":"https:\/\/museologiavirtual.tech\/porumasociedadeantirracista\/index.php?rest_route=\/wp\/v2\/pages"}],"about":[{"href":"https:\/\/museologiavirtual.tech\/porumasociedadeantirracista\/index.php?rest_route=\/wp\/v2\/types\/page"}],"author":[{"embeddable":true,"href":"https:\/\/museologiavirtual.tech\/porumasociedadeantirracista\/index.php?rest_route=\/wp\/v2\/users\/1"}],"replies":[{"embeddable":true,"href":"https:\/\/museologiavirtual.tech\/porumasociedadeantirracista\/index.php?rest_route=%2Fwp%2Fv2%2Fcomments&post=3672"}],"version-history":[{"count":4,"href":"https:\/\/museologiavirtual.tech\/porumasociedadeantirracista\/index.php?rest_route=\/wp\/v2\/pages\/3672\/revisions"}],"predecessor-version":[{"id":3679,"href":"https:\/\/museologiavirtual.tech\/porumasociedadeantirracista\/index.php?rest_route=\/wp\/v2\/pages\/3672\/revisions\/3679"}],"wp:attachment":[{"href":"https:\/\/museologiavirtual.tech\/porumasociedadeantirracista\/index.php?rest_route=%2Fwp%2Fv2%2Fmedia&parent=3672"}],"curies":[{"name":"wp","href":"https:\/\/api.w.org\/{rel}","templated":true}]}}