{"id":7951,"date":"2021-08-13T19:01:23","date_gmt":"2021-08-13T22:01:23","guid":{"rendered":"https:\/\/museologiavirtual.tech\/?page_id=7951"},"modified":"2021-08-19T18:50:55","modified_gmt":"2021-08-19T21:50:55","slug":"dicas-de-textos","status":"publish","type":"page","link":"https:\/\/museologiavirtual.tech\/?page_id=7951","title":{"rendered":"Dicas de textos"},"content":{"rendered":"\t\t<div data-elementor-type=\"wp-post\" data-elementor-id=\"7951\" class=\"elementor elementor-7951\">\n\t\t\t\t\t\t<section class=\"elementor-section elementor-top-section elementor-element elementor-element-4f35f37 elementor-section-boxed elementor-section-height-default elementor-section-height-default\" data-id=\"4f35f37\" data-element_type=\"section\">\n\t\t\t\t\t\t<div class=\"elementor-container elementor-column-gap-default\">\n\t\t\t\t\t<div class=\"elementor-column elementor-col-100 elementor-top-column elementor-element elementor-element-625deee\" data-id=\"625deee\" data-element_type=\"column\">\n\t\t\t<div class=\"elementor-widget-wrap elementor-element-populated\">\n\t\t\t\t\t\t<div class=\"elementor-element elementor-element-85d7955 elementor-widget elementor-widget-spacer\" data-id=\"85d7955\" data-element_type=\"widget\" data-widget_type=\"spacer.default\">\n\t\t\t\t<div class=\"elementor-widget-container\">\n\t\t\t\t\t<div class=\"elementor-spacer\">\n\t\t\t<div class=\"elementor-spacer-inner\"><\/div>\n\t\t<\/div>\n\t\t\t\t<\/div>\n\t\t\t\t<\/div>\n\t\t\t\t\t<\/div>\n\t\t<\/div>\n\t\t\t\t\t<\/div>\n\t\t<\/section>\n\t\t\t\t<section class=\"elementor-section elementor-top-section elementor-element elementor-element-7c88ccb elementor-section-boxed elementor-section-height-default elementor-section-height-default\" data-id=\"7c88ccb\" data-element_type=\"section\">\n\t\t\t\t\t\t<div class=\"elementor-container elementor-column-gap-default\">\n\t\t\t\t\t<div class=\"elementor-column elementor-col-100 elementor-top-column elementor-element elementor-element-f7c3b83\" data-id=\"f7c3b83\" data-element_type=\"column\">\n\t\t\t<div class=\"elementor-widget-wrap elementor-element-populated\">\n\t\t\t\t\t\t<div class=\"elementor-element elementor-element-b20ae87 elementor-widget elementor-widget-heading\" data-id=\"b20ae87\" data-element_type=\"widget\" data-widget_type=\"heading.default\">\n\t\t\t\t<div class=\"elementor-widget-container\">\n\t\t\t<h2 class=\"elementor-heading-title elementor-size-default\">DICAS DE TEXTOS<\/h2>\t\t<\/div>\n\t\t\t\t<\/div>\n\t\t\t\t<div class=\"elementor-element elementor-element-9752ff4 elementor-widget elementor-widget-text-editor\" data-id=\"9752ff4\" data-element_type=\"widget\" data-widget_type=\"text-editor.default\">\n\t\t\t\t<div class=\"elementor-widget-container\">\n\t\t\t\t\t\t\t<h5><strong>LEIS E NORMAS:<\/strong><\/h5><ul><li>\u200bBRASIL. Lei n\u00ba 7.287, de 18 de dezembro de 1884, que disp\u00f5e sobre a Regulamenta\u00e7\u00e3o da profiss\u00e3o de muse\u00f3logo.<br \/>Dispon\u00edvel em: <a href=\"http:\/\/www.planalto.gov.br\/ccivil_03\/LEIS\/L7287.htm\">www.planalto.gov.br<\/a> Acessado em: 2 mar. 2019.<\/li><li>____________ Decreto n\u00ba 5.264 de 05 de novembro de 2004, que institui o Sistema Brasileiro de Museus. Dispon\u00edvel em: <a href=\"http:\/\/www.planalto.gov.br\/ccivil_03\/_A\">www.planalto.gov.br<\/a> Acessado em: 2 mar. 2018.<\/li><li>____________Lei n\u00ba 11.904 de 14 de janeiro de 2009, que institui o Estatuto de Museus.<br \/>Dispon\u00edvel em:<a href=\"http:\/\/www.planalto.gov.br\/ccivil_03\/\"> www.planalto.gov.br<\/a> Acessado em: 2 mar. 2019.<\/li><li>____________Decreto n\u00ba 5.264 de 05 de novembro de 2004, que institui o Sistema Brasileiro de Museus. Dispon\u00edvel em: <a href=\"http:\/\/www.planalto.gov.br\/ccivil_03\/_A\">www.planalto.gov.br<\/a> Acessado em: 2 mar. 2019.<\/li><li>___________ Minist\u00e9rio da Cultura. Plano Nacional de Cultura. Bras\u00edlia, Min : 2007. <br \/>Dispon\u00edvel em:<a href=\"http:\/\/www.cultura.gov.br\/pnc\"> www.cultura.gov.br<\/a> Acessado em: 2 mac. 2018.<\/li><li>___________ Minist\u00e9rio da Cultura. Pol\u00edtica Nacional de Museus. Bras\u00edlia, Min : 2007. <br \/>Dispon\u00edvel em:<a href=\"http:\/\/www.museus.gov.br\/sbm\/downloads\/politica_nacional_museus.pdf\"> www.museus.gov.br<\/a> Acessado em: 2 mar. 2019.<\/li><li>___________Minist\u00e9rio da Cultura. Pol\u00edtica nacional de museus: <a href=\"https:\/\/www.museus.gov.br\/wp-content\/uploads\/2019\/06\/relatorio_de-gestao_2003_2006_1.pdf\">relat\u00f3rio de gest\u00e3o 2003-2006.<\/a><\/li><li>IBRAM. RESOLU\u00c7\u00c3O NORMATIVA N\u00ba 2, DE 29 DE AGOSTO DE 2014.<br \/>Dispon\u00edvel em:<a href=\"http:\/\/www.lex.com.br\/legis_25905842_RESOLUCAO_NORMATIVA_N_2_DE_29_DE_AGOSTO_DE_2014.aspx\"> RESOLUCAO_NORMATIVA_N_2_DE_29_DE_AGOSTO_DE_2014<\/a>. Acessado em : 2 de mar. 2020.<\/li><li>IBRAM. RESOLU\u00c7\u00c3O NORMATIVA N\u00ba 1, DE 14 DE DEZEMBRO DE 2016. <br \/>Dispon\u00edvel em:<a href=\"http:\/\/www.in.gov.br\/web\/guest\/materia\/-\/asset_publisher\/Kujrw0TZC2Mb\/content\/id\/22191767\/do1-2016-12-15-resolucao-normativa-n-1-de-14-de-dezembro-de-2016-22191617\"> resolucao-normativa-n-1-de-14-de-dezembro-de-2016<\/a> Acessado em : 2 de mar. 2020.<\/li><li>IBRAM. INSTRU\u00c7\u00c3O NORMATIVA N\u00ba 4, DE 02 DE JULHO DE 2018. <br \/>Dispon\u00edvel em:<a href=\"https:\/\/www.museus.gov.br\/wp-content\/uploads\/2018\/10\/SEI-IBRAM-0309102-Instrucao-Normativa-4.pdf\"> www.museus.gov.br<\/a> Acessado em: 2 mar. 2019. 9<\/li><li>IBRAM. Resolu\u00e7\u00e3o Normativa N\u00ba 2, de 29 de maio de 2019, que regulamenta a Declara\u00e7\u00e3o de Interesse P\u00fablico (DIP) de bens culturais musealizados ou pass\u00edveis de musealiza\u00e7\u00e3o. <br \/>Dispon\u00edvel em: <a href=\"https:\/\/www.museus.gov.br\/wp-content\/uploads\/2020\/01\/Instrucao-normativa-e-anexos.pdf\">www.museus.gov.br<\/a><\/li><li>IBRAM. Declara\u00e7\u00e3o de interesse p\u00fablico. <br \/>Dispon\u00edvel em:<a href=\"https:\/\/www.museus.gov.br\/wp-content\/uploads\/2020\/01\/caderno_Preservacao-de-bens-culturais_atualizado-Web.pdf\"> www.museus.gov.br<\/a><\/li><\/ul><h5><strong>T\u00c9CNICAS DE EXPOSI\u00c7\u00d5ES:<\/strong><\/h5><ul><li>\u200bAMBROSE, Timothy; RUNYARD, Sue (Orgs.). Forward Planning: A Handbook of Business, Corporate and Development Planning for Museums and Galleries. Agawam: Routledge, 2012.<\/li><li>CURY, Mar\u00edlia Xavier. Exposi\u00e7\u00e3o: concep\u00e7\u00e3o, montagem e avalia\u00e7\u00e3o. Cap.1. S\u00e3o Paulo: Annablume. 2005.<\/li><li>HERREMAN, Yani. Exposi\u00e7\u00e3o, Exibi\u00e7\u00f5es e Mostras. In: ICOM. Como gerir Museus. ( P. 99- 108). <br \/>Dispon\u00edvel em: <a href=\"https:\/\/www.sisemsp.org.br\/blog\/wp-content\/uploads\/2012\/09\/Manual-Como-gerir-um-museu-ICOM-Unesco.pdf\">Manual-Como-gerir-um-museu<\/a> Acessado em: 18 de nov. 2019.<\/li><li>IBRAM. Para fazer uma exposi\u00e7\u00e3o. Bras\u00edlia, DF: IBRAM, 2017. S\u00e9rie Caminhos da Mem\u00f3ria, 1. 88p. Dispon\u00edvel em:<a href=\"https:\/\/www.museus.gov.br\/wp-content\/uploads\/2017\/06\/Caminhos-da-Mem%C3%B3ria-Para-fazer-uma-exposi%C3%A7%C3%A3o1.pdf\"> www.museus.gov.br<\/a> Acessado em: 18 nov. 2019.<\/li><li>IBRAM. Coordena\u00e7\u00e3o de Acervo Museol\u00f3gico \u2013 Camus ( Org.) .Subs\u00eddios para a elabora\u00e7\u00e3o de Planos museol\u00f3gicos. 113p. Dispon\u00edvel em: <a href=\"http:\/\/&lt;https:\/\/www.museus.gov.br\/wp-content\/uploads\/2017\/06\/Subs%C3%ADdios-para-a-elabora%C3%A7%C3%A3o-de-planos-museol%C3%B3gicos.pdf\" target=\"_blank\" rel=\"noopener\">www.museus.gov.br<\/a> Acessado em 29 fev.2020.<\/li><li>LORD, Gail; MARKERT, Kate. The Manual of Strategic Planning for Museums. Plymouth: AltaMira Press, 2007.<\/li><li>CAMIS\u00c3O, Ver\u00f4nica. Manual para acessibilidade aos pr\u00e9dios residenciais da cidade do Rio de Janeiro. Dispon\u00edvel em: <a href=\"http:\/\/www.ibam.org.br\/media\/arquivos\/estudos\/manual_acess_rj.pdf\" target=\"_blank\" rel=\"noopener\">www.ibam.org.br<\/a><br \/>Acessado em: 18 de nov. 2019<\/li><li>Werneck, Ana; Maria Azeredo Furquim; Costa, Thiago Carlos; Pereira, Angelina Gon\u00e7alves de Faria. Planejamento e Gest\u00e3o de Exposi\u00e7\u00f5es em Museus: Caderno 03. Belo Horizonte: Secretaria de Estado de Cultura\/Superintend\u00eancia de Museus e Artes Visuais de Minas Gerais, 2010. 28p. <br \/>Dispon\u00edvel em:<a href=\"http:\/\/www.cultura.mg.gov.br\/images\/2015\/Sumav\/miolo_planejamento_exposicao_1.pdf\"> www.cultura.mg.gov.br<\/a> Acessado em: 18 de nov. 2019.<\/li><\/ul><p>\u00a0<\/p><h5><strong>RELEV\u00c2NCIA SOCIAL DOS MUSEUS:<\/strong><\/h5><ul><li>\u200bICOM. C\u00f3digo de \u00c9tica para Museus (ICOM). <br \/>Dispon\u00edvel em: <a href=\"http:\/\/&lt;http:\/\/www.icom.org.br\/codigoeticaICOM2006.pdf\" data-wplink-url-error=\"true\">www.icom.org.br<\/a> Acessado em: 18 jan. 2019.<\/li><li>IBRAM. Estatuto de Museus. <br \/>Dispon\u00edvel Em: <a href=\"http:\/\/www.planalto.gov.br\/ccivil_03\/_Ato2007-2010\/2009\/Lei\/L11904.htm\">www.planalto.gov.br<\/a><br \/>Acessado em: 18 jan. 2019.<\/li><li>JUNIOR, Jos\u00e9 do Nascimento; TRAMPE, Alan; SANTOS, Paula Assun\u00e7\u00e3o dos . IBERMUSEUS. Mesa redonda. 2012. Vol. 1. Dispon\u00edvel em:<a href=\"http:\/\/www.ibermuseus.org\/wp-content\/uploads\/2014\/09\/Publicacion_Mesa_Redonda_VOL_I.pdf\"> www.ibermuseus.org<\/a> Acessado em: 2 maio.2020.<\/li><li>JUNIOR, Jos\u00e9 do Nascimento; TRAMPE, Alan; SANTOS,<br \/>Paula Assun\u00e7\u00e3o dos . IBERMUSEUS. Mesa redonda. 2012. Vol. 1. Dispon\u00edvel em:<a href=\"http:\/\/www.ibermuseus.org\/wp-content\/uploads\/2014\/09\/Publicacion_Mesa_Redonda_VOL_I.pdf\">www.ibermuseos.org<\/a> Acessado em: 2 maio.2020.<\/li><li>UNESCO. Declara\u00e7\u00e3o de Santiago. <br \/>Dispon\u00edvel em:<a href=\"https:\/\/edisciplinas.usp.br\/pluginfile.php\/3832568\/mod_resource\/content\/1\/Mesa-redonda%20de%20Santiago%20do%20Chile.pdf\"> edisciplinas.usp.br<\/a> Acessado em: 09 de mai.2020.<\/li><li>UNESCO. Declara\u00e7\u00e3o de Quebec. <br \/>Acessado em:<a href=\"https:\/\/www.icomos.org\/images\/DOCUMENTS\/Charters\/GA16_Quebec_Declaration_Final_PT.pdf\"> www.icomos.org<\/a> Acessado em: 9 de maio. 2020.<\/li><li>UNESCO. Recomenda\u00e7\u00e3o referente \u00e0 Prote\u00e7\u00e3o e Promo\u00e7\u00e3o dos Museus e Cole\u00e7\u00f5es, sua Diversidade e seu Papel na Sociedade . <br \/>Dispon\u00edvel em:<a href=\"http:\/\/www.icom.org.br\/wp-content\/uploads\/2017\/05\/RecomendacaoProtecaoMuseuseColecoes.pdf\"> www.icom.org.br<\/a> Acessado em: 9 jun. 2020<br \/>\u200b<\/li><\/ul><h5><strong>INSTRU\u00c7\u00d5ES INTERNACIONAIS:<\/strong><\/h5><ul><li>PRIMO, J. (1). Museologia e patrim\u00f3nio: documentos fundamentais. Cadernos De Sociomuseologia, 15(15). Dispon\u00edvem em:<a href=\"https:\/\/revistas.ulusofona.pt\/index.php\/cadernosociomuseologia\/issue\/view\/32\"> revistas.ulusofona.pt<\/a> Acessado em 8 junh. 2020.<\/li><li>Fiankan-Bokonga. Catherine. Uma resolu\u00e7\u00e3o hist\u00f3rica para proteger o patrim\u00f4nio cultural. UNESCO. Dispon\u00edvel em:<a href=\"https:\/\/pt.unesco.org\/courier\/2017nian-di-3qi\/uma-resolucao-historica-proteger-o-patrimonio-cultural#:~:text=Salvaguarda%20e%20respeito%20s%C3%A3o%20as,cultural%20de%20toda%20a%20humanidade%E2%80%9D\"> pt.unesco.org.<\/a> Acessado em: 6 de junh de 2020.<\/li><\/ul><p>\u00a0<\/p><h5><strong>CONVEN\u00c7\u00d5ES:<\/strong><\/h5><ul><li>Conven\u00e7\u00e3o para a Prote\u00e7\u00e3o de Bens Culturais em caso de Conflito Armado (1954) e os seus dois Protocolos (1954 e 1999);<\/li><li>Conven\u00e7\u00e3o Relativa \u00e0s Medidas a Adotar para Proibir e Impedir a Importa\u00e7\u00e3o, a Exporta\u00e7\u00e3o e a Transfer\u00eancia Il\u00edcitas de Propriedade de Bens Culturais (1970);<\/li><li>Conven\u00e7\u00e3o para a Prote\u00e7\u00e3o do Patrim\u00f3nio Mundial, Cultural e Natural (1972);<\/li><li>Conven\u00e7\u00e3o sobre a Diversidade Biol\u00f3gica (1992);<\/li><li>Conven\u00e7\u00e3o do UNIDROIT sobre Bens Culturais Roubados ou Ilicitamente Exportados (1995);<\/li><li>Conven\u00e7\u00e3o Sobre a Prote\u00e7\u00e3o do Patrim\u00f3nio Cultural Subaqu\u00e1tico (2001);<\/li><li>Conven\u00e7\u00e3o para a Salvaguarda do Patrim\u00f3nio Cultural Imaterial (2003);<\/li><li>Conven\u00e7\u00e3o sobre a Prote\u00e7\u00e3o e a Promo\u00e7\u00e3o da Diversidade das Express\u00f5es Culturais (2005);<\/li><li>Pacto Internacional sobre os Direitos Econ\u00f3micos, Sociais e Culturais (1966);<\/li><\/ul><p>\u00a0<\/p><h5><strong>RECOMENDA\u00c7\u00d5ES:<\/strong><\/h5><ul><li>Recomenda\u00e7\u00e3o sobre os Princ\u00edpios Internacionais Aplic\u00e1veis a Escava\u00e7\u00f5es Arqueol\u00f3gicas (UNESCO, 1956);<\/li><li>Recomenda\u00e7\u00e3o Relativa aos Meios Mais Efetivos de Tornar os Museus Acess\u00edveis a Todos (UNESCO, 1960);<\/li><li>Recomenda\u00e7\u00e3o Relativa \u00e0s Medidas a Adotar para Proibir e Impedir a Importa\u00e7\u00e3o, a Exporta\u00e7\u00e3o e a Transfer\u00eancia Il\u00edcitas da Propriedade de Bens Culturais (UNESCO, 1964);<\/li><li>Recomenda\u00e7\u00e3o sobre a Prote\u00e7\u00e3o, no Plano Nacional, do Patrim\u00f3nio Cultural e Natural (UNESCO, 1972);<\/li><li>Recomenda\u00e7\u00e3o relativa ao Interc\u00e2mbio Internacional de Bens Culturais (UNESCO, 1976);<\/li><li>Recomenda\u00e7\u00e3o para a Prote\u00e7\u00e3o dos Bens Culturais M\u00f3veis (UNESCO, 1978);<\/li><li>Recomenda\u00e7\u00e3o sobre a Salvaguarda da Cultura Tradicional e Popular (UNESCO, 1989);<\/li><\/ul><p>\u00a0<\/p><h5><strong>DECLARA\u00c7\u00d5ES:<\/strong><\/h5><ul><li>Declara\u00e7\u00e3o Universal dos Direitos Humanos (1949);<\/li><li>Declara\u00e7\u00e3o dos Princ\u00edpios de Coopera\u00e7\u00e3o Cultural Internacional (UNESCO, 1966);<\/li><li>Declara\u00e7\u00e3o Universal sobre a Diversidade Cultural (UNESCO, 2001);<\/li><li>Declara\u00e7\u00e3o sobre a Destrui\u00e7\u00e3o Intencional de Patrim\u00f3nio Cultural (UNESCO, 2003);<\/li><li>Declara\u00e7\u00e3o das Na\u00e7\u00f5es Unidas sobre os Direitos dos Povos Ind\u00edgenas (2007).<\/li><\/ul><p>\u00a0<\/p><h5><strong>ORGANIZA\u00c7\u00d5ES E PROJETOS DE PESQUISA:<\/strong><\/h5><ul><li>\u200bONU. O que s\u00e3o os direitos humanos? Dispon\u00edvel em:<a href=\"https:\/\/nacoesunidas.org\/direitoshumanos\"> nacoesunidas.org<\/a> Acessado em: 8 ago. 2021.<\/li><\/ul><p>\u00a0<\/p><h5><br \/><strong>SITES IMPORTANTES:<\/strong><\/h5><p>\u00a0<\/p><p>UNESCO\/ BR<br \/><a href=\"http:\/\/www.unesco.org\/new\/pt\/brasilia\/education\/\">www.unesco.org<\/a><br \/>ONU<br \/><a href=\"https:\/\/nacoesunidas.org\/\">nacoesunidas.org<\/a><br \/>ICOM\/BR<br \/><a href=\"http:\/\/www.icom.org.br\/\">www.icom.org.br<\/a><br \/>ICOFOM<br \/><a href=\"http:\/\/network.icom.museum\/icofom\" target=\"_blank\" rel=\"noopener\">network.icom.museum<\/a><br \/>CECA<br \/><a href=\"http:\/\/network.icom.museum\/ceca\/\">network.icom.museum\/ceca<\/a><\/p><p>CGI (COMIT\u00ca GESTOR DA INTERNET)<br \/><a href=\"https:\/\/www.cgi.br\/\">www.cgi.br<\/a><\/p><p>BIBLIOTECA VIRTUAL DE DIREITOS HUMANOS ( UNESCO\/USP)<br \/><a href=\"http:\/\/www.direitoshumanos.usp.br\/index.php\/Table\/UNESCO-Organiza%C3%A7%C3%A3o-das-Na%C3%A7%C3%B5es-Unidas-para-a-Educa%C3%A7%C3%A3o-Ci%C3%AAncia-e-Cultura\/\" target=\"_blank\" rel=\"noopener\">www.direitoshumanos.usp.br<\/a><\/p><p>IBRAM ( Instituto Brasileiro de Museus)<br \/><a href=\"http:\/\/www.museus.gov.br\/\" target=\"_blank\" rel=\"noopener\">www.museus.gov.br<\/a><\/p><p>HIST\u00d3RIA DA MUSEOLOGIA (UniRio)<br \/><a href=\"https:\/\/historiadamuseologia.blog\/oprojeto\/\u200b\">historiadamuseologia.blog<\/a><\/p><p>\u200b<\/p><h5><strong>EXPERI\u00caNCIAS VIRTUAIS:<\/strong><\/h5><ul><li>Rede Web de Museus do estado do Rio de Janeiro:<br \/><a href=\"http:\/\/www.museusdoestado.rj.gov.br\/rede-web-de-museus\/\" target=\"_blank\" rel=\"noopener\">www.museusdoestado.rj.gov.br<\/a><\/li><li>Museu Virtual de Arte:<br \/><a href=\"http:\/\/muva.elpais.com.uy\/\">muva.elpais.com.uy<\/a><\/li><li>Museu Casa de Portinari (Visita 360\u00ba)<br \/><a href=\"https:\/\/www.museucasadeportinari.org.br\/TOUR-VIRTUAL\/\">www.museucasadeportinari.org.b<\/a>r<\/li><li>Amaz\u00f4nia Adentro (360\u00ba video) | Conserva\u00e7\u00e3o Internacional (CI) (V\u00eddeo em 360\u00b0):<br \/><a href=\"https:\/\/www.youtube.com\/watch?v=-xNN-bJQ4vI\">www.youtube.com<\/a><\/li><li>360\u00b0 Great Hammerhead Shark Encounter | National Geographic:<br \/><a href=\"https:\/\/www.youtube.com\/watch?v=rG4jSz_2HDY\">www.youtube.com<\/a><\/li><li>PacMan 360 (360\u00ba video):<br \/><a href=\"https:\/\/www.youtube.com\/watch?v=uoutKYXgf44\">www.youtube.com<\/a><\/li><\/ul><p>\u00a0<\/p><h5><strong>Museu RTP:<\/strong><\/h5><p><a href=\"https:\/\/museu.rtp.pt\/\">museu.rtp.pt<\/a><\/p><p><a href=\"https:\/\/museu.rtp.pt\/pt\/visita-virtuais\">museu.rtp.pt<\/a><\/p>\t\t\t\t\t\t<\/div>\n\t\t\t\t<\/div>\n\t\t\t\t\t<\/div>\n\t\t<\/div>\n\t\t\t\t\t<\/div>\n\t\t<\/section>\n\t\t\t\t<section class=\"elementor-section elementor-top-section elementor-element elementor-element-413974f elementor-section-boxed elementor-section-height-default elementor-section-height-default\" data-id=\"413974f\" data-element_type=\"section\">\n\t\t\t\t\t\t<div class=\"elementor-container elementor-column-gap-default\">\n\t\t\t\t\t<div class=\"elementor-column elementor-col-100 elementor-top-column elementor-element elementor-element-250f772\" data-id=\"250f772\" data-element_type=\"column\">\n\t\t\t<div class=\"elementor-widget-wrap elementor-element-populated\">\n\t\t\t\t\t\t<div class=\"elementor-element elementor-element-ddf6357 elementor-widget elementor-widget-text-editor\" data-id=\"ddf6357\" data-element_type=\"widget\" data-widget_type=\"text-editor.default\">\n\t\t\t\t<div class=\"elementor-widget-container\">\n\t\t\t\t\t\t\t<p>\u00a0<\/p><hr \/><p>\u00a0<\/p>\t\t\t\t\t\t<\/div>\n\t\t\t\t<\/div>\n\t\t\t\t\t<\/div>\n\t\t<\/div>\n\t\t\t\t\t<\/div>\n\t\t<\/section>\n\t\t\t\t<section class=\"elementor-section elementor-top-section elementor-element elementor-element-486276a elementor-section-boxed elementor-section-height-default elementor-section-height-default\" data-id=\"486276a\" data-element_type=\"section\">\n\t\t\t\t\t\t<div class=\"elementor-container elementor-column-gap-default\">\n\t\t\t\t\t<div class=\"elementor-column elementor-col-100 elementor-top-column elementor-element elementor-element-7f29714\" data-id=\"7f29714\" data-element_type=\"column\">\n\t\t\t<div class=\"elementor-widget-wrap\">\n\t\t\t\t\t\t\t<\/div>\n\t\t<\/div>\n\t\t\t\t\t<\/div>\n\t\t<\/section>\n\t\t\t\t<\/div>\n\t\t","protected":false},"excerpt":{"rendered":"<p>DICAS DE TEXTOS LEIS E NORMAS: \u200bBRASIL. Lei n\u00ba 7.287, de 18 de dezembro de 1884, que disp\u00f5e sobre a Regulamenta\u00e7\u00e3o da profiss\u00e3o de muse\u00f3logo.Dispon\u00edvel em: www.planalto.gov.br Acessado em: 2 mar. 2019. ____________ Decreto n\u00ba 5.264 de 05 de novembro de 2004, que institui o Sistema Brasileiro de Museus. Dispon\u00edvel em: www.planalto.gov.br Acessado em: 2 [&hellip;]<\/p>\n","protected":false},"author":2,"featured_media":0,"parent":0,"menu_order":0,"comment_status":"closed","ping_status":"closed","template":"elementor_theme","meta":{"saved_in_kubio":false,"footnotes":""},"class_list":["post-7951","page","type-page","status-publish","hentry"],"kubio_ai_page_context":{"short_desc":"","purpose":"general"},"lang":"pt","translations":{"pt":7951},"pll_sync_post":[],"_links":{"self":[{"href":"https:\/\/museologiavirtual.tech\/index.php?rest_route=\/wp\/v2\/pages\/7951","targetHints":{"allow":["GET"]}}],"collection":[{"href":"https:\/\/museologiavirtual.tech\/index.php?rest_route=\/wp\/v2\/pages"}],"about":[{"href":"https:\/\/museologiavirtual.tech\/index.php?rest_route=\/wp\/v2\/types\/page"}],"author":[{"embeddable":true,"href":"https:\/\/museologiavirtual.tech\/index.php?rest_route=\/wp\/v2\/users\/2"}],"replies":[{"embeddable":true,"href":"https:\/\/museologiavirtual.tech\/index.php?rest_route=%2Fwp%2Fv2%2Fcomments&post=7951"}],"version-history":[{"count":91,"href":"https:\/\/museologiavirtual.tech\/index.php?rest_route=\/wp\/v2\/pages\/7951\/revisions"}],"predecessor-version":[{"id":8293,"href":"https:\/\/museologiavirtual.tech\/index.php?rest_route=\/wp\/v2\/pages\/7951\/revisions\/8293"}],"wp:attachment":[{"href":"https:\/\/museologiavirtual.tech\/index.php?rest_route=%2Fwp%2Fv2%2Fmedia&parent=7951"}],"curies":[{"name":"wp","href":"https:\/\/api.w.org\/{rel}","templated":true}]}}