{"id":7917,"date":"2021-08-13T16:35:29","date_gmt":"2021-08-13T19:35:29","guid":{"rendered":"https:\/\/museologiavirtual.tech\/?page_id=7917"},"modified":"2023-04-15T00:29:33","modified_gmt":"2023-04-15T03:29:33","slug":"dicas-videos","status":"publish","type":"page","link":"https:\/\/museologiavirtual.tech\/?page_id=7917","title":{"rendered":"Dicas de v\u00eddeo"},"content":{"rendered":"\t\t<div data-elementor-type=\"wp-post\" data-elementor-id=\"7917\" class=\"elementor elementor-7917\">\n\t\t\t\t\t\t<section class=\"elementor-section elementor-top-section elementor-element elementor-element-4f35f37 elementor-section-boxed elementor-section-height-default elementor-section-height-default\" data-id=\"4f35f37\" data-element_type=\"section\">\n\t\t\t\t\t\t<div class=\"elementor-container elementor-column-gap-default\">\n\t\t\t\t\t<div class=\"elementor-column elementor-col-100 elementor-top-column elementor-element elementor-element-625deee\" data-id=\"625deee\" data-element_type=\"column\">\n\t\t\t<div class=\"elementor-widget-wrap elementor-element-populated\">\n\t\t\t\t\t\t<div class=\"elementor-element elementor-element-85d7955 elementor-widget elementor-widget-spacer\" data-id=\"85d7955\" data-element_type=\"widget\" data-widget_type=\"spacer.default\">\n\t\t\t\t<div class=\"elementor-widget-container\">\n\t\t\t\t\t<div class=\"elementor-spacer\">\n\t\t\t<div class=\"elementor-spacer-inner\"><\/div>\n\t\t<\/div>\n\t\t\t\t<\/div>\n\t\t\t\t<\/div>\n\t\t\t\t\t<\/div>\n\t\t<\/div>\n\t\t\t\t\t<\/div>\n\t\t<\/section>\n\t\t\t\t<section class=\"elementor-section elementor-top-section elementor-element elementor-element-7c88ccb elementor-section-boxed elementor-section-height-default elementor-section-height-default\" data-id=\"7c88ccb\" data-element_type=\"section\">\n\t\t\t\t\t\t<div class=\"elementor-container elementor-column-gap-default\">\n\t\t\t\t\t<div class=\"elementor-column elementor-col-100 elementor-top-column elementor-element elementor-element-f7c3b83\" data-id=\"f7c3b83\" data-element_type=\"column\">\n\t\t\t<div class=\"elementor-widget-wrap elementor-element-populated\">\n\t\t\t\t\t\t<div class=\"elementor-element elementor-element-b20ae87 elementor-widget elementor-widget-heading\" data-id=\"b20ae87\" data-element_type=\"widget\" data-widget_type=\"heading.default\">\n\t\t\t\t<div class=\"elementor-widget-container\">\n\t\t\t<h2 class=\"elementor-heading-title elementor-size-default\">DICAS EM V\u00cdDEOS<\/h2>\t\t<\/div>\n\t\t\t\t<\/div>\n\t\t\t\t\t<\/div>\n\t\t<\/div>\n\t\t\t\t\t<\/div>\n\t\t<\/section>\n\t\t\t\t<section class=\"elementor-section elementor-top-section elementor-element elementor-element-ebe622f elementor-section-boxed elementor-section-height-default elementor-section-height-default\" data-id=\"ebe622f\" data-element_type=\"section\">\n\t\t\t\t\t\t<div class=\"elementor-container elementor-column-gap-default\">\n\t\t\t\t\t<div class=\"elementor-column elementor-col-100 elementor-top-column elementor-element elementor-element-48745ac\" data-id=\"48745ac\" data-element_type=\"column\">\n\t\t\t<div class=\"elementor-widget-wrap elementor-element-populated\">\n\t\t\t\t\t\t<div class=\"elementor-element elementor-element-34dba16 elementor-widget elementor-widget-ova_slideshow\" data-id=\"34dba16\" data-element_type=\"widget\" data-widget_type=\"ova_slideshow.default\">\n\t\t\t\t<div class=\"elementor-widget-container\">\n\t\t\t\t\t<div class=\"ova_slideshow elementor-slides-wrapper dots_style \" dir=\"ltr\">\n\t\t\t<div class=\"elementor-slides owl-carousel owl-theme owl-loaded arrows-inside arrows-show-always dots-bottom animated owl-animated-out owl-animated-in\" data-owl_carousel=\"{&quot;items&quot;:1,&quot;singleItem&quot;:1,&quot;autoplayTimeout&quot;:10000,&quot;autoplay&quot;:false,&quot;loop&quot;:true,&quot;nav&quot;:true,&quot;dots&quot;:true,&quot;rtl&quot;:false,&quot;dotsClass&quot;:&quot;owl-dots&quot;,&quot;mouseDrag&quot;:true,&quot;navText&quot;:[&quot;&lt;i class=\\&quot;ti-angle-left\\&quot;&gt;&lt;\\\/i&gt;&quot;,&quot;&lt;i class=\\&quot;ti-angle-right\\&quot;&gt;&lt;\\\/i&gt;&quot;]}\">\n\t\t\t\t<div class=\" elementor-repeater-item-913c80b items\" data-dot=\" <div>Pierre L\u00e9vy - O que \u00e9 o virtual?<\/div> <button><span><\/span><\/button>\"><div class=\" slide-bg\" ><\/div>\n\t\t\t<div class=\"slide-inner\"><div class=\"container\"><div class=\"row\"><div class=\"elementor-slide-content\"><div class=\"second_font elementor-slide-subtitle\"><\/div><div class=\"second_font elementor-slide-title \"><\/div><div class=\"elementor-slide-description\"><\/div><a href=\"https:\/\/www.youtube.com\/watch?v=sMyokl6YJ5U\" class=\"elementor-slide-button \">Ver V\u00eddeo<\/a><\/div><\/div><\/div><\/div><\/div><div class=\" elementor-repeater-item-4782d5c items\" data-dot=\" <div>Pierre L\u00e9vy \u2013 A internet n\u00e3o \u00e9 exatamente o que voc\u00ea pensa<\/div> <button><span><\/span><\/button>\"><div class=\" slide-bg\" ><\/div>\n\t\t\t<div class=\"slide-inner\"><div class=\"container\"><div class=\"row\"><div class=\"elementor-slide-content\"><div class=\"second_font elementor-slide-subtitle\"><\/div><div class=\"second_font elementor-slide-title \"><\/div><div class=\"elementor-slide-description\"><\/div><a href=\"https:\/\/www.youtube.com\/watch?v=joNIVsMbsKI&amp;ab_channel=FronteirasdoPensamento\" class=\"elementor-slide-button \">Ver V\u00eddeo<\/a><\/div><\/div><\/div><\/div><\/div><div class=\" elementor-repeater-item-0021e9a items\" data-dot=\" <div>Rede social como laboratorio do pensamento - social networks: Marcia Tiburi at TEDxRibeirao<\/div> <button><span><\/span><\/button>\"><div class=\" slide-bg\" ><\/div>\n\t\t\t<div class=\"slide-inner\"><div class=\"container\"><div class=\"row\"><div class=\"elementor-slide-content\"><div class=\"second_font elementor-slide-subtitle\"><\/div><div class=\"second_font elementor-slide-title \"><\/div><div class=\"elementor-slide-description\"><\/div><a href=\"https:\/\/www.youtube.com\/watch?v=-DXLTLzuAd4&amp;ab_channel=TEDxTalks\" class=\"elementor-slide-button \">Ver V\u00eddeo<\/a><\/div><\/div><\/div><\/div><\/div><div class=\" elementor-repeater-item-bac49d1 items\" data-dot=\" <div> Leandro Karnal - As redes sociais potencializam o poder do \"eu\" ?<\/div> <button><span><\/span><\/button>\"><div class=\" slide-bg\" ><\/div>\n\t\t\t<div class=\"slide-inner\"><div class=\"container\"><div class=\"row\"><div class=\"elementor-slide-content\"><div class=\"second_font elementor-slide-subtitle\"><\/div><div class=\"second_font elementor-slide-title \"><\/div><div class=\"elementor-slide-description\"><\/div><a href=\"https:\/\/www.youtube.com\/watch?v=0zBGSik_XwA\" class=\"elementor-slide-button \">Ver V\u00eddeo<\/a><\/div><\/div><\/div><\/div><\/div>\t\t\t<\/div>\n\t\t<\/div>\n\t\t\t\t<\/div>\n\t\t\t\t<\/div>\n\t\t\t\t<div class=\"elementor-element elementor-element-8050177 elementor-widget elementor-widget-ova_slideshow\" data-id=\"8050177\" data-element_type=\"widget\" data-widget_type=\"ova_slideshow.default\">\n\t\t\t\t<div class=\"elementor-widget-container\">\n\t\t\t\t\t<div class=\"ova_slideshow elementor-slides-wrapper dots_style \" dir=\"ltr\">\n\t\t\t<div class=\"elementor-slides owl-carousel owl-theme owl-loaded arrows-inside arrows-show-always dots-bottom animated owl-animated-out owl-animated-in\" data-owl_carousel=\"{&quot;items&quot;:1,&quot;singleItem&quot;:1,&quot;autoplayTimeout&quot;:10000,&quot;autoplay&quot;:false,&quot;loop&quot;:true,&quot;nav&quot;:true,&quot;dots&quot;:true,&quot;rtl&quot;:false,&quot;dotsClass&quot;:&quot;owl-dots&quot;,&quot;mouseDrag&quot;:true,&quot;navText&quot;:[&quot;&lt;i class=\\&quot;ti-angle-left\\&quot;&gt;&lt;\\\/i&gt;&quot;,&quot;&lt;i class=\\&quot;ti-angle-right\\&quot;&gt;&lt;\\\/i&gt;&quot;]}\">\n\t\t\t\t<div class=\" elementor-repeater-item-913c80b items\" data-dot=\" <div>Dial\u00e9ticas do neo-humano: enfrentamentos e possibilidades civilizacionais no mundo atual. Confer\u00eancia com Lucia Santaella<\/div> <button><span><\/span><\/button>\"><div class=\" slide-bg\" ><\/div>\n\t\t\t<div class=\"slide-inner\"><div class=\"container\"><div class=\"row\"><div class=\"elementor-slide-content\"><div class=\"second_font elementor-slide-subtitle\">Dial\u00e9ticas do neo-humano: enfrentamentos e possibilidades civilizacionais no mundo atual. Confer\u00eancia com Lucia Santaella<\/div><div class=\"second_font elementor-slide-title \"><\/div><div class=\"elementor-slide-description\"><\/div><a href=\"https:\/\/youtu.be\/493n6tEw2uY\" target=\"_blank\" rel=\"nofollow\" class=\"elementor-slide-button \">Ver V\u00eddeo<\/a><\/div><\/div><\/div><\/div><\/div><div class=\" elementor-repeater-item-800c0d8 items\" data-dot=\" <div> History of the Internet<\/div> <button><span><\/span><\/button>\"><div class=\" slide-bg\" ><\/div>\n\t\t\t<div class=\"slide-inner\"><div class=\"container\"><div class=\"row\"><div class=\"elementor-slide-content\"><div class=\"second_font elementor-slide-subtitle\"> History of the Internet<\/div><div class=\"second_font elementor-slide-title \">Title<\/div><div class=\"elementor-slide-description\">Desccription<\/div><a href=\"https:\/\/youtu.be\/9hIQjrMHTv4\" target=\"_blank\" rel=\"nofollow\" class=\"elementor-slide-button \">Ver V\u00eddeo<\/a><\/div><\/div><\/div><\/div><\/div><div class=\" elementor-repeater-item-4ff6c79 items\" data-dot=\" <div> History of the Internet<\/div> <button><span><\/span><\/button>\"><div class=\" slide-bg\" ><\/div>\n\t\t\t<div class=\"slide-inner\"><div class=\"container\"><div class=\"row\"><div class=\"elementor-slide-content\"><div class=\"second_font elementor-slide-subtitle\"> History of the Internet<\/div><div class=\"second_font elementor-slide-title \">Title<\/div><div class=\"elementor-slide-description\">Desccription<\/div><a href=\"https:\/\/youtu.be\/9hIQjrMHTv4\" target=\"_blank\" rel=\"nofollow\" class=\"elementor-slide-button \">Ver V\u00eddeo<\/a><\/div><\/div><\/div><\/div><\/div>\t\t\t<\/div>\n\t\t<\/div>\n\t\t\t\t<\/div>\n\t\t\t\t<\/div>\n\t\t\t\t\t<\/div>\n\t\t<\/div>\n\t\t\t\t\t<\/div>\n\t\t<\/section>\n\t\t\t\t<section class=\"elementor-section elementor-top-section elementor-element elementor-element-413974f elementor-section-boxed elementor-section-height-default elementor-section-height-default\" data-id=\"413974f\" data-element_type=\"section\">\n\t\t\t\t\t\t<div class=\"elementor-container elementor-column-gap-default\">\n\t\t\t\t\t<div class=\"elementor-column elementor-col-100 elementor-top-column elementor-element elementor-element-250f772\" data-id=\"250f772\" data-element_type=\"column\">\n\t\t\t<div class=\"elementor-widget-wrap elementor-element-populated\">\n\t\t\t\t\t\t<div class=\"elementor-element elementor-element-ddf6357 elementor-widget elementor-widget-text-editor\" data-id=\"ddf6357\" data-element_type=\"widget\" data-widget_type=\"text-editor.default\">\n\t\t\t\t<div class=\"elementor-widget-container\">\n\t\t\t\t\t\t\t<p>\u00a0<\/p><hr \/><p>\u00a0<\/p>\t\t\t\t\t\t<\/div>\n\t\t\t\t<\/div>\n\t\t\t\t\t<\/div>\n\t\t<\/div>\n\t\t\t\t\t<\/div>\n\t\t<\/section>\n\t\t\t\t<\/div>\n\t\t","protected":false},"excerpt":{"rendered":"<p>DICAS EM V\u00cdDEOS Pierre L\u00e9vy &#8211; O que \u00e9 o virtual? &#8220;> Ver V\u00eddeoPierre L\u00e9vy \u2013 A internet n\u00e3o \u00e9 exatamente o que voc\u00ea pensa &#8220;> Ver V\u00eddeoRede social como laboratorio do pensamento &#8211; social networks: Marcia Tiburi at TEDxRibeirao &#8220;> Ver V\u00eddeo Leandro Karnal &#8211; As redes sociais potencializam o poder do &#8220;eu&#8221; ? [&hellip;]<\/p>\n","protected":false},"author":2,"featured_media":0,"parent":0,"menu_order":0,"comment_status":"closed","ping_status":"closed","template":"elementor_theme","meta":{"saved_in_kubio":false,"footnotes":""},"class_list":["post-7917","page","type-page","status-publish","hentry"],"kubio_ai_page_context":{"short_desc":"","purpose":"general"},"lang":"pt","translations":{"pt":7917},"pll_sync_post":[],"_links":{"self":[{"href":"https:\/\/museologiavirtual.tech\/index.php?rest_route=\/wp\/v2\/pages\/7917","targetHints":{"allow":["GET"]}}],"collection":[{"href":"https:\/\/museologiavirtual.tech\/index.php?rest_route=\/wp\/v2\/pages"}],"about":[{"href":"https:\/\/museologiavirtual.tech\/index.php?rest_route=\/wp\/v2\/types\/page"}],"author":[{"embeddable":true,"href":"https:\/\/museologiavirtual.tech\/index.php?rest_route=\/wp\/v2\/users\/2"}],"replies":[{"embeddable":true,"href":"https:\/\/museologiavirtual.tech\/index.php?rest_route=%2Fwp%2Fv2%2Fcomments&post=7917"}],"version-history":[{"count":44,"href":"https:\/\/museologiavirtual.tech\/index.php?rest_route=\/wp\/v2\/pages\/7917\/revisions"}],"predecessor-version":[{"id":9052,"href":"https:\/\/museologiavirtual.tech\/index.php?rest_route=\/wp\/v2\/pages\/7917\/revisions\/9052"}],"wp:attachment":[{"href":"https:\/\/museologiavirtual.tech\/index.php?rest_route=%2Fwp%2Fv2%2Fmedia&parent=7917"}],"curies":[{"name":"wp","href":"https:\/\/api.w.org\/{rel}","templated":true}]}}