{"id":7617,"date":"2021-08-11T18:14:25","date_gmt":"2021-08-11T21:14:25","guid":{"rendered":"https:\/\/museologiavirtual.tech\/?page_id=7617"},"modified":"2024-02-12T17:24:22","modified_gmt":"2024-02-12T20:24:22","slug":"publicacoes","status":"publish","type":"page","link":"https:\/\/museologiavirtual.tech\/?page_id=7617","title":{"rendered":"Publica\u00e7\u00f5es"},"content":{"rendered":"\t\t<div data-elementor-type=\"wp-page\" data-elementor-id=\"7617\" class=\"elementor elementor-7617\">\n\t\t\t\t\t\t<section class=\"elementor-section elementor-top-section elementor-element elementor-element-2f2bee5 elementor-section-boxed elementor-section-height-default elementor-section-height-default\" data-id=\"2f2bee5\" data-element_type=\"section\">\n\t\t\t\t\t\t<div class=\"elementor-container elementor-column-gap-default\">\n\t\t\t\t\t<div class=\"elementor-column elementor-col-100 elementor-top-column elementor-element elementor-element-b483d16\" data-id=\"b483d16\" data-element_type=\"column\">\n\t\t\t<div class=\"elementor-widget-wrap elementor-element-populated\">\n\t\t\t\t\t\t<div class=\"elementor-element elementor-element-cee116a elementor-widget elementor-widget-heading\" data-id=\"cee116a\" data-element_type=\"widget\" data-widget_type=\"heading.default\">\n\t\t\t\t<div class=\"elementor-widget-container\">\n\t\t\t<h2 class=\"elementor-heading-title elementor-size-default\">Confira as \u00faltimas Publica\u00e7\u00f5es<\/h2>\t\t<\/div>\n\t\t\t\t<\/div>\n\t\t\t\t\t<\/div>\n\t\t<\/div>\n\t\t\t\t\t<\/div>\n\t\t<\/section>\n\t\t\t\t<section class=\"elementor-section elementor-top-section elementor-element elementor-element-8896e9b elementor-section-full_width elementor-section-height-default elementor-section-height-default\" data-id=\"8896e9b\" data-element_type=\"section\">\n\t\t\t\t\t\t<div class=\"elementor-container elementor-column-gap-default\">\n\t\t\t\t\t<div class=\"elementor-column elementor-col-100 elementor-top-column elementor-element elementor-element-9f54063\" data-id=\"9f54063\" data-element_type=\"column\">\n\t\t\t<div class=\"elementor-widget-wrap elementor-element-populated\">\n\t\t\t\t\t\t<div class=\"elementor-element elementor-element-8e53b62 elementor-widget elementor-widget-posts\" data-id=\"8e53b62\" data-element_type=\"widget\" data-widget_type=\"posts.cards\">\n\t\t\t\t<div class=\"elementor-widget-container\">\n\t\t\t \t\t<\/div>\n\t\t\t\t<\/div>\n\t\t\t\t\t<\/div>\n\t\t<\/div>\n\t\t\t\t\t<\/div>\n\t\t<\/section>\n\t\t\t\t<section class=\"elementor-section elementor-top-section elementor-element elementor-element-07eb630 elementor-section-boxed elementor-section-height-default elementor-section-height-default\" data-id=\"07eb630\" data-element_type=\"section\">\n\t\t\t\t\t\t<div class=\"elementor-container elementor-column-gap-default\">\n\t\t\t\t\t<div class=\"elementor-column elementor-col-50 elementor-top-column elementor-element elementor-element-901a225\" data-id=\"901a225\" data-element_type=\"column\">\n\t\t\t<div class=\"elementor-widget-wrap elementor-element-populated\">\n\t\t\t\t\t\t<div class=\"elementor-element elementor-element-b30c118 elementor-widget elementor-widget-image\" data-id=\"b30c118\" data-element_type=\"widget\" data-widget_type=\"image.default\">\n\t\t\t\t<div class=\"elementor-widget-container\">\n\t\t\t\t\t\t\t\t\t\t\t\t\t<img fetchpriority=\"high\" decoding=\"async\" width=\"212\" height=\"300\" src=\"https:\/\/museologiavirtual.tech\/wp-content\/uploads\/2024\/02\/cover_issue_2183_pt_BR-212x300.jpg\" class=\"attachment-medium size-medium wp-image-9322\" alt=\"\" srcset=\"https:\/\/museologiavirtual.tech\/wp-content\/uploads\/2024\/02\/cover_issue_2183_pt_BR-212x300.jpg 212w, https:\/\/museologiavirtual.tech\/wp-content\/uploads\/2024\/02\/cover_issue_2183_pt_BR-723x1024.jpg 723w, https:\/\/museologiavirtual.tech\/wp-content\/uploads\/2024\/02\/cover_issue_2183_pt_BR-768x1087.jpg 768w, https:\/\/museologiavirtual.tech\/wp-content\/uploads\/2024\/02\/cover_issue_2183_pt_BR.jpg 904w\" sizes=\"(max-width: 212px) 100vw, 212px\" \/>\t\t\t\t\t\t\t\t\t\t\t\t\t<\/div>\n\t\t\t\t<\/div>\n\t\t\t\t\t<\/div>\n\t\t<\/div>\n\t\t\t\t<div class=\"elementor-column elementor-col-50 elementor-top-column elementor-element elementor-element-7e0712e\" data-id=\"7e0712e\" data-element_type=\"column\">\n\t\t\t<div class=\"elementor-widget-wrap elementor-element-populated\">\n\t\t\t\t\t\t<div class=\"elementor-element elementor-element-943178e elementor-widget elementor-widget-text-editor\" data-id=\"943178e\" data-element_type=\"widget\" data-widget_type=\"text-editor.default\">\n\t\t\t\t<div class=\"elementor-widget-container\">\n\t\t\t\t\t\t\t<p><strong>Dossi\u00ea-<\/strong> Souza da Silva, C. L., Maia, R., &amp; Batista Magaldi, M. . (2021). Museologia e Cultura Digital. <i>Museologia &amp; Interdisciplinaridade<\/i>,\u00a0<i>10<\/i>(Especial), 14\u201319.<\/p><p>Dispon\u00edvel em: <a href=\"https:\/\/periodicos.unb.br\/index.php\/museologia\/article\/view\/41278\" target=\"_blank\" rel=\"noopener\"><strong>Acesse Aqui !<\/strong><\/a><\/p>\t\t\t\t\t\t<\/div>\n\t\t\t\t<\/div>\n\t\t\t\t\t<\/div>\n\t\t<\/div>\n\t\t\t\t\t<\/div>\n\t\t<\/section>\n\t\t\t\t<section class=\"elementor-section elementor-top-section elementor-element elementor-element-0c57381 elementor-section-boxed elementor-section-height-default elementor-section-height-default\" data-id=\"0c57381\" data-element_type=\"section\">\n\t\t\t\t\t\t<div class=\"elementor-container elementor-column-gap-default\">\n\t\t\t\t\t<div class=\"elementor-column elementor-col-100 elementor-top-column elementor-element elementor-element-a58cb33\" data-id=\"a58cb33\" data-element_type=\"column\">\n\t\t\t<div class=\"elementor-widget-wrap elementor-element-populated\">\n\t\t\t\t\t\t<div class=\"elementor-element elementor-element-2f39874 elementor-widget-divider--view-line elementor-widget elementor-widget-divider\" data-id=\"2f39874\" data-element_type=\"widget\" data-widget_type=\"divider.default\">\n\t\t\t\t<div class=\"elementor-widget-container\">\n\t\t\t\t\t<div class=\"elementor-divider\">\n\t\t\t<span class=\"elementor-divider-separator\">\n\t\t\t\t\t\t<\/span>\n\t\t<\/div>\n\t\t\t\t<\/div>\n\t\t\t\t<\/div>\n\t\t\t\t\t<\/div>\n\t\t<\/div>\n\t\t\t\t\t<\/div>\n\t\t<\/section>\n\t\t\t\t<section class=\"elementor-section elementor-top-section elementor-element elementor-element-e76f993 elementor-section-boxed elementor-section-height-default elementor-section-height-default\" data-id=\"e76f993\" data-element_type=\"section\">\n\t\t\t\t\t\t<div class=\"elementor-container elementor-column-gap-default\">\n\t\t\t\t\t<div class=\"elementor-column elementor-col-50 elementor-top-column elementor-element elementor-element-0f80285\" data-id=\"0f80285\" data-element_type=\"column\">\n\t\t\t<div class=\"elementor-widget-wrap elementor-element-populated\">\n\t\t\t\t\t\t<div class=\"elementor-element elementor-element-807c471 elementor-widget elementor-widget-image\" data-id=\"807c471\" data-element_type=\"widget\" data-widget_type=\"image.default\">\n\t\t\t\t<div class=\"elementor-widget-container\">\n\t\t\t\t\t\t\t\t\t\t\t\t\t<img decoding=\"async\" width=\"212\" height=\"300\" src=\"https:\/\/museologiavirtual.tech\/wp-content\/uploads\/2024\/02\/cover_issue_1994_pt_BR-212x300.jpg\" class=\"attachment-medium size-medium wp-image-9339\" alt=\"\" srcset=\"https:\/\/museologiavirtual.tech\/wp-content\/uploads\/2024\/02\/cover_issue_1994_pt_BR-212x300.jpg 212w, https:\/\/museologiavirtual.tech\/wp-content\/uploads\/2024\/02\/cover_issue_1994_pt_BR-724x1024.jpg 724w, https:\/\/museologiavirtual.tech\/wp-content\/uploads\/2024\/02\/cover_issue_1994_pt_BR-768x1086.jpg 768w, https:\/\/museologiavirtual.tech\/wp-content\/uploads\/2024\/02\/cover_issue_1994_pt_BR-1086x1536.jpg 1086w, https:\/\/museologiavirtual.tech\/wp-content\/uploads\/2024\/02\/cover_issue_1994_pt_BR-1448x2048.jpg 1448w, https:\/\/museologiavirtual.tech\/wp-content\/uploads\/2024\/02\/cover_issue_1994_pt_BR-scaled.jpg 1811w\" sizes=\"(max-width: 212px) 100vw, 212px\" \/>\t\t\t\t\t\t\t\t\t\t\t\t\t<\/div>\n\t\t\t\t<\/div>\n\t\t\t\t\t<\/div>\n\t\t<\/div>\n\t\t\t\t<div class=\"elementor-column elementor-col-50 elementor-top-column elementor-element elementor-element-ac76287\" data-id=\"ac76287\" data-element_type=\"column\">\n\t\t\t<div class=\"elementor-widget-wrap elementor-element-populated\">\n\t\t\t\t\t\t<div class=\"elementor-element elementor-element-90d2022 elementor-widget elementor-widget-text-editor\" data-id=\"90d2022\" data-element_type=\"widget\" data-widget_type=\"text-editor.default\">\n\t\t\t\t<div class=\"elementor-widget-container\">\n\t\t\t\t\t\t\t<p><strong>Dossi\u00ea &#8211;<\/strong> Brulon, B., &amp; Magaldi, M. B. (2020). Museus e Museologia: aportes te\u00f3ricos na Contemporaneidade. <i>Museologia &amp; Interdisciplinaridade<\/i>,\u00a0<i>9<\/i>(17), 12\u201318.\u00a0<\/p><p>Dispon\u00edvel em: <a href=\"https:\/\/doi.org\/10.26512\/museologia.v9i17.31587\" target=\"_blank\" rel=\"noopener\">Acesse aqui!<\/a><\/p>\t\t\t\t\t\t<\/div>\n\t\t\t\t<\/div>\n\t\t\t\t\t<\/div>\n\t\t<\/div>\n\t\t\t\t\t<\/div>\n\t\t<\/section>\n\t\t\t\t<section class=\"elementor-section elementor-top-section elementor-element elementor-element-f66b700 elementor-section-boxed elementor-section-height-default elementor-section-height-default\" data-id=\"f66b700\" data-element_type=\"section\">\n\t\t\t\t\t\t<div class=\"elementor-container elementor-column-gap-default\">\n\t\t\t\t\t<div class=\"elementor-column elementor-col-100 elementor-top-column elementor-element elementor-element-9d3edd6\" data-id=\"9d3edd6\" data-element_type=\"column\">\n\t\t\t<div class=\"elementor-widget-wrap elementor-element-populated\">\n\t\t\t\t\t\t<div class=\"elementor-element elementor-element-802844f elementor-widget-divider--view-line elementor-widget elementor-widget-divider\" data-id=\"802844f\" data-element_type=\"widget\" data-widget_type=\"divider.default\">\n\t\t\t\t<div class=\"elementor-widget-container\">\n\t\t\t\t\t<div class=\"elementor-divider\">\n\t\t\t<span class=\"elementor-divider-separator\">\n\t\t\t\t\t\t<\/span>\n\t\t<\/div>\n\t\t\t\t<\/div>\n\t\t\t\t<\/div>\n\t\t\t\t\t<\/div>\n\t\t<\/div>\n\t\t\t\t\t<\/div>\n\t\t<\/section>\n\t\t\t\t<section class=\"elementor-section elementor-top-section elementor-element elementor-element-7e6d482 elementor-section-boxed elementor-section-height-default elementor-section-height-default\" data-id=\"7e6d482\" data-element_type=\"section\">\n\t\t\t\t\t\t<div class=\"elementor-container elementor-column-gap-default\">\n\t\t\t\t\t<div class=\"elementor-column elementor-col-50 elementor-top-column elementor-element elementor-element-b697d1c\" data-id=\"b697d1c\" data-element_type=\"column\">\n\t\t\t<div class=\"elementor-widget-wrap elementor-element-populated\">\n\t\t\t\t\t\t<div class=\"elementor-element elementor-element-9364e61 elementor-widget elementor-widget-image\" data-id=\"9364e61\" data-element_type=\"widget\" data-widget_type=\"image.default\">\n\t\t\t\t<div class=\"elementor-widget-container\">\n\t\t\t\t\t\t\t\t\t\t\t\t\t<img decoding=\"async\" width=\"450\" height=\"112\" src=\"https:\/\/museologiavirtual.tech\/wp-content\/uploads\/2024\/02\/2-sebramus.jpg\" class=\"attachment-large size-large wp-image-9344\" alt=\"\" srcset=\"https:\/\/museologiavirtual.tech\/wp-content\/uploads\/2024\/02\/2-sebramus.jpg 450w, https:\/\/museologiavirtual.tech\/wp-content\/uploads\/2024\/02\/2-sebramus-300x75.jpg 300w\" sizes=\"(max-width: 450px) 100vw, 450px\" \/>\t\t\t\t\t\t\t\t\t\t\t\t\t<\/div>\n\t\t\t\t<\/div>\n\t\t\t\t\t<\/div>\n\t\t<\/div>\n\t\t\t\t<div class=\"elementor-column elementor-col-50 elementor-top-column elementor-element elementor-element-24d10b0\" data-id=\"24d10b0\" data-element_type=\"column\">\n\t\t\t<div class=\"elementor-widget-wrap elementor-element-populated\">\n\t\t\t\t\t\t<div class=\"elementor-element elementor-element-69f0890 elementor-widget elementor-widget-text-editor\" data-id=\"69f0890\" data-element_type=\"widget\" data-widget_type=\"text-editor.default\">\n\t\t\t\t<div class=\"elementor-widget-container\">\n\t\t\t\t\t\t\t<p><strong>Artigo<\/strong> -MAGALDI, Monique. &#8220;O CAMPO DISCIPLINAR DA MUSEOLOGIA: AS DIFERENTES DEFINI\u00c7\u00d5ES DE MUSEUS ELETR\u00d4NICOS E A SUA RELA\u00c7\u00c3O COM O VIRTUAL&#8221;. <em>II Sebramus (2015)<\/em>\u00a0(2019): n. p\u00e1g. Web. 12 Feb. 2024<\/p><p>Dispon\u00edvel em: <a href=\"http:\/\/www.sebramusrepositorio.unb.br\/index.php\/2Sebramus\/2sebramus\/paper\/view\/544\/108\" target=\"_blank\" rel=\"noopener\">Acesse aqui!<\/a> ou\u00a0<\/p><p>\u00a0<\/p>\t\t\t\t\t\t<\/div>\n\t\t\t\t<\/div>\n\t\t\t\t\t<\/div>\n\t\t<\/div>\n\t\t\t\t\t<\/div>\n\t\t<\/section>\n\t\t\t\t<section class=\"elementor-section elementor-top-section elementor-element elementor-element-0cf0b80 elementor-section-boxed elementor-section-height-default elementor-section-height-default\" data-id=\"0cf0b80\" data-element_type=\"section\">\n\t\t\t\t\t\t<div class=\"elementor-container elementor-column-gap-default\">\n\t\t\t\t\t<div class=\"elementor-column elementor-col-50 elementor-top-column elementor-element elementor-element-4941e48\" data-id=\"4941e48\" data-element_type=\"column\">\n\t\t\t<div class=\"elementor-widget-wrap elementor-element-populated\">\n\t\t\t\t\t\t<div class=\"elementor-element elementor-element-35e23c9 elementor-widget elementor-widget-image\" data-id=\"35e23c9\" data-element_type=\"widget\" data-widget_type=\"image.default\">\n\t\t\t\t<div class=\"elementor-widget-container\">\n\t\t\t\t\t\t\t\t\t\t\t\t\t<img loading=\"lazy\" decoding=\"async\" width=\"232\" height=\"300\" src=\"https:\/\/museologiavirtual.tech\/wp-content\/uploads\/2024\/02\/artigo-Pdigital-232x300.png\" class=\"attachment-medium size-medium wp-image-9329\" alt=\"\" srcset=\"https:\/\/museologiavirtual.tech\/wp-content\/uploads\/2024\/02\/artigo-Pdigital-232x300.png 232w, https:\/\/museologiavirtual.tech\/wp-content\/uploads\/2024\/02\/artigo-Pdigital.png 306w\" sizes=\"(max-width: 232px) 100vw, 232px\" \/>\t\t\t\t\t\t\t\t\t\t\t\t\t<\/div>\n\t\t\t\t<\/div>\n\t\t\t\t\t<\/div>\n\t\t<\/div>\n\t\t\t\t<div class=\"elementor-column elementor-col-50 elementor-top-column elementor-element elementor-element-9beb281\" data-id=\"9beb281\" data-element_type=\"column\">\n\t\t\t<div class=\"elementor-widget-wrap elementor-element-populated\">\n\t\t\t\t\t\t<div class=\"elementor-element elementor-element-f56499b elementor-widget elementor-widget-text-editor\" data-id=\"f56499b\" data-element_type=\"widget\" data-widget_type=\"text-editor.default\">\n\t\t\t\t<div class=\"elementor-widget-container\">\n\t\t\t\t\t\t\t<p style=\"letter-spacing: 0.7px;\"><span style=\"font-weight: bolder;\">Artigo-\u00a0<\/span>Patrim\u00f4nio virtual e digital nos museus: novas transforma\u00e7\u00f5es, novas manifesta\u00e7\u00f5es.<\/p><p style=\"letter-spacing: 0.7px;\">Dispon\u00edvel em:\u00a0<a href=\"https:\/\/www.pr.anpuh.org\/resources\/download\/1483976106_ARQUIVO_Texto10ArtigodeMoniqueMagaldiFinalizado.pdf\" target=\"_blank\" rel=\"noopener\">Acesse aqui<\/a><\/p>\t\t\t\t\t\t<\/div>\n\t\t\t\t<\/div>\n\t\t\t\t\t<\/div>\n\t\t<\/div>\n\t\t\t\t\t<\/div>\n\t\t<\/section>\n\t\t\t\t<\/div>\n\t\t","protected":false},"excerpt":{"rendered":"<p>Confira as \u00faltimas Publica\u00e7\u00f5es Dossi\u00ea- Souza da Silva, C. L., Maia, R., &amp; Batista Magaldi, M. . (2021). Museologia e Cultura Digital. Museologia &amp; Interdisciplinaridade,\u00a010(Especial), 14\u201319. Dispon\u00edvel em: Acesse Aqui ! Dossi\u00ea &#8211; Brulon, B., &amp; Magaldi, M. B. (2020). Museus e Museologia: aportes te\u00f3ricos na Contemporaneidade. Museologia &amp; Interdisciplinaridade,\u00a09(17), 12\u201318.\u00a0 Dispon\u00edvel em: Acesse aqui! [&hellip;]<\/p>\n","protected":false},"author":2,"featured_media":0,"parent":0,"menu_order":0,"comment_status":"closed","ping_status":"closed","template":"","meta":{"saved_in_kubio":false,"footnotes":""},"class_list":["post-7617","page","type-page","status-publish","hentry"],"kubio_ai_page_context":{"short_desc":"","purpose":"general"},"lang":"pt","translations":{"pt":7617},"pll_sync_post":[],"_links":{"self":[{"href":"https:\/\/museologiavirtual.tech\/index.php?rest_route=\/wp\/v2\/pages\/7617","targetHints":{"allow":["GET"]}}],"collection":[{"href":"https:\/\/museologiavirtual.tech\/index.php?rest_route=\/wp\/v2\/pages"}],"about":[{"href":"https:\/\/museologiavirtual.tech\/index.php?rest_route=\/wp\/v2\/types\/page"}],"author":[{"embeddable":true,"href":"https:\/\/museologiavirtual.tech\/index.php?rest_route=\/wp\/v2\/users\/2"}],"replies":[{"embeddable":true,"href":"https:\/\/museologiavirtual.tech\/index.php?rest_route=%2Fwp%2Fv2%2Fcomments&post=7617"}],"version-history":[{"count":65,"href":"https:\/\/museologiavirtual.tech\/index.php?rest_route=\/wp\/v2\/pages\/7617\/revisions"}],"predecessor-version":[{"id":9355,"href":"https:\/\/museologiavirtual.tech\/index.php?rest_route=\/wp\/v2\/pages\/7617\/revisions\/9355"}],"wp:attachment":[{"href":"https:\/\/museologiavirtual.tech\/index.php?rest_route=%2Fwp%2Fv2%2Fmedia&parent=7617"}],"curies":[{"name":"wp","href":"https:\/\/api.w.org\/{rel}","templated":true}]}}