{"id":425,"date":"2019-01-16T08:24:10","date_gmt":"2019-01-16T08:24:10","guid":{"rendered":"http:\/\/demo.ovathemes.com\/muzze\/?page_id=425"},"modified":"2024-02-12T18:22:55","modified_gmt":"2024-02-12T21:22:55","slug":"contato","status":"publish","type":"page","link":"https:\/\/museologiavirtual.tech\/?page_id=425","title":{"rendered":"Contato"},"content":{"rendered":"\t\t<div data-elementor-type=\"wp-post\" data-elementor-id=\"425\" class=\"elementor elementor-425\">\n\t\t\t\t\t\t<section class=\"elementor-section elementor-top-section elementor-element elementor-element-c84f15d elementor-section-full_width elementor-section-stretched elementor-section-height-default elementor-section-height-default\" data-id=\"c84f15d\" data-element_type=\"section\" data-settings=\"{&quot;stretch_section&quot;:&quot;section-stretched&quot;}\">\n\t\t\t\t\t\t<div class=\"elementor-container elementor-column-gap-default\">\n\t\t\t\t\t<div class=\"elementor-column elementor-col-100 elementor-top-column elementor-element elementor-element-b39b5dd\" data-id=\"b39b5dd\" data-element_type=\"column\">\n\t\t\t<div class=\"elementor-widget-wrap elementor-element-populated\">\n\t\t\t\t\t\t<div class=\"elementor-element elementor-element-11ce12d elementor-widget elementor-widget-ova_heading\" data-id=\"11ce12d\" data-element_type=\"widget\" data-widget_type=\"ova_heading.default\">\n\t\t\t\t<div class=\"elementor-widget-container\">\n\t\t\t\t\t<div class=\"ova_heading\">\n\t\t\t\t\t\t\t<h1 class=\"heading_title second_font\">FALE CONOSCO<\/h1>\n\t\t\t\t\t\t\t\t<\/div>\n\t\t\t\t<\/div>\n\t\t\t\t<\/div>\n\t\t\t\t<div class=\"elementor-element elementor-element-310b6e1 line-height-32 elementor-widget elementor-widget-text-editor\" data-id=\"310b6e1\" data-element_type=\"widget\" data-widget_type=\"text-editor.default\">\n\t\t\t\t<div class=\"elementor-widget-container\">\n\t\t\t\t\t\t\t<p><span style=\"color: #888888;\">D\u00favidas, Sugest\u00f5es, Inscri\u00e7\u00f5es, Outros Assuntos.<\/span><\/p>\t\t\t\t\t\t<\/div>\n\t\t\t\t<\/div>\n\t\t\t\t\t<\/div>\n\t\t<\/div>\n\t\t\t\t\t<\/div>\n\t\t<\/section>\n\t\t\t\t<section class=\"elementor-section elementor-top-section elementor-element elementor-element-3663ada elementor-section-boxed elementor-section-height-default elementor-section-height-default\" data-id=\"3663ada\" data-element_type=\"section\">\n\t\t\t\t\t\t<div class=\"elementor-container elementor-column-gap-default\">\n\t\t\t\t\t<div class=\"elementor-column elementor-col-100 elementor-top-column elementor-element elementor-element-f1f8ff2\" data-id=\"f1f8ff2\" data-element_type=\"column\">\n\t\t\t<div class=\"elementor-widget-wrap elementor-element-populated\">\n\t\t\t\t\t\t<div class=\"elementor-element elementor-element-ea16356 elementor-widget elementor-widget-text-editor\" data-id=\"ea16356\" data-element_type=\"widget\" data-widget_type=\"text-editor.default\">\n\t\t\t\t<div class=\"elementor-widget-container\">\n\t\t\t\t\t\t\t<p style=\"text-align: center;\"><strong>E-mail:<\/strong>\u00a0<\/p><p style=\"text-align: center;\">museologiavirtuallab@unirio.br<\/p><p style=\"text-align: center;\">\u00a0<\/p>\t\t\t\t\t\t<\/div>\n\t\t\t\t<\/div>\n\t\t\t\t<div class=\"elementor-element elementor-element-3320e1d elementor-widget__width-initial elementor-widget elementor-widget-ova_social\" data-id=\"3320e1d\" data-element_type=\"widget\" data-widget_type=\"ova_social.default\">\n\t\t\t\t<div class=\"elementor-widget-container\">\n\t\t\t\t\t<div class=\"ova_social ova-framework-social-icons-wrapper\">\n\t\t\t\t\t\t\t<h3 class=\"title second_font\">Rede Social<\/h3>\n\t\t\t\t\t\t<div class=\"content\">\n\t\t\t\t\n\t\t\t\t\t\t\t\t\t\t<a class=\"ova-framework-icon ova-framework-social-icon ova-framework-social-icon-twitter\" style=\" color: #fff; background-color: #5D5E5F\" href=\"https:\/\/twitter.com\/MuseologiaV\" target=\"_blank\">\n\t\t\t\t\t\t<span class=\"ova-framework-screen-only\">Twitter<\/span>\n\t\t\t\t\t\t<i class=\"fa fa-twitter\" style=\"\"><\/i>\n\t\t\t\t\t<\/a>\n\t\t\t\t\n\t\t\t\t\t\t\t\t\t\t<a class=\"ova-framework-icon ova-framework-social-icon ova-framework-social-icon-instagram\" style=\" color: #fff; background-color: #5D5E5F\" href=\"https:\/\/www.instagram.com\/museologia_virtual\" target=\"_blank\">\n\t\t\t\t\t\t<span class=\"ova-framework-screen-only\">Instagram<\/span>\n\t\t\t\t\t\t<i class=\"fa fa-instagram\" style=\"\"><\/i>\n\t\t\t\t\t<\/a>\n\t\t\t\t\n\t\t\t\t\t\t\t\t\t\t<a class=\"ova-framework-icon ova-framework-social-icon ova-framework-social-icon-facebook\" style=\" color: #fff; background-color: #5D5E5F\" href=\"https:\/\/www.facebook.com\/museologiavirtual\/\" target=\"_blank\">\n\t\t\t\t\t\t<span class=\"ova-framework-screen-only\">Facebook<\/span>\n\t\t\t\t\t\t<i class=\"fa fa-facebook\" style=\"\"><\/i>\n\t\t\t\t\t<\/a>\n\t\t\t\t\n\t\t\t\t\t\t\t\t\t\t<a class=\"ova-framework-icon ova-framework-social-icon ova-framework-social-icon-youtube\" style=\" color: #fff; background-color: #5D5E5F\" href=\"https:\/\/www.youtube.com\/channel\/UCIz6w8nGj6zKPtr6g_o8zYQ?view_as=subscriber\" target=\"_blank\">\n\t\t\t\t\t\t<span class=\"ova-framework-screen-only\">Youtube<\/span>\n\t\t\t\t\t\t<i class=\"fa fa-youtube\" style=\"\"><\/i>\n\t\t\t\t\t<\/a>\n\t\t\t\t\t\t\t<\/div>\n\t\t\t<!-- end .content -->\n\t\t<\/div>\n\t\t\t\t<\/div>\n\t\t\t\t<\/div>\n\t\t\t\t\t<\/div>\n\t\t<\/div>\n\t\t\t\t\t<\/div>\n\t\t<\/section>\n\t\t\t\t<section class=\"elementor-section elementor-top-section elementor-element elementor-element-e5f8f3f elementor-section-full_width elementor-section-stretched elementor-section-height-default elementor-section-height-default\" data-id=\"e5f8f3f\" data-element_type=\"section\" data-settings=\"{&quot;stretch_section&quot;:&quot;section-stretched&quot;}\">\n\t\t\t\t\t\t<div class=\"elementor-container elementor-column-gap-default\">\n\t\t\t\t\t<div class=\"elementor-column elementor-col-100 elementor-top-column elementor-element elementor-element-0948764\" data-id=\"0948764\" data-element_type=\"column\">\n\t\t\t<div class=\"elementor-widget-wrap elementor-element-populated\">\n\t\t\t\t\t\t<div class=\"elementor-element elementor-element-98c8d8e elementor-widget elementor-widget-google_maps\" data-id=\"98c8d8e\" data-element_type=\"widget\" data-widget_type=\"google_maps.default\">\n\t\t\t\t<div class=\"elementor-widget-container\">\n\t\t\t\t\t<div class=\"elementor-custom-embed\">\n\t\t\t<iframe loading=\"lazy\"\n\t\t\t\t\tsrc=\"https:\/\/maps.google.com\/maps?q=avenida%20pasteur%2C%20458.Urca&#038;t=m&#038;z=17&#038;output=embed&#038;iwloc=near\"\n\t\t\t\t\ttitle=\"avenida pasteur, 458.Urca\"\n\t\t\t\t\taria-label=\"avenida pasteur, 458.Urca\"\n\t\t\t><\/iframe>\n\t\t<\/div>\n\t\t\t\t<\/div>\n\t\t\t\t<\/div>\n\t\t\t\t\t<\/div>\n\t\t<\/div>\n\t\t\t\t\t<\/div>\n\t\t<\/section>\n\t\t\t\t<\/div>\n\t\t","protected":false},"excerpt":{"rendered":"<p>FALE CONOSCO D\u00favidas, Sugest\u00f5es, Inscri\u00e7\u00f5es, Outros Assuntos. E-mail:\u00a0 museologiavirtuallab@unirio.br \u00a0 Rede Social Twitter Instagram Facebook Youtube<\/p>\n","protected":false},"author":2,"featured_media":0,"parent":0,"menu_order":0,"comment_status":"closed","ping_status":"closed","template":"elementor_header_footer","meta":{"saved_in_kubio":false,"footnotes":""},"class_list":["post-425","page","type-page","status-publish","hentry"],"kubio_ai_page_context":{"short_desc":"","purpose":"general"},"lang":"pt","translations":{"en":7263,"pt":425},"pll_sync_post":[],"_links":{"self":[{"href":"https:\/\/museologiavirtual.tech\/index.php?rest_route=\/wp\/v2\/pages\/425","targetHints":{"allow":["GET"]}}],"collection":[{"href":"https:\/\/museologiavirtual.tech\/index.php?rest_route=\/wp\/v2\/pages"}],"about":[{"href":"https:\/\/museologiavirtual.tech\/index.php?rest_route=\/wp\/v2\/types\/page"}],"author":[{"embeddable":true,"href":"https:\/\/museologiavirtual.tech\/index.php?rest_route=\/wp\/v2\/users\/2"}],"replies":[{"embeddable":true,"href":"https:\/\/museologiavirtual.tech\/index.php?rest_route=%2Fwp%2Fv2%2Fcomments&post=425"}],"version-history":[{"count":62,"href":"https:\/\/museologiavirtual.tech\/index.php?rest_route=\/wp\/v2\/pages\/425\/revisions"}],"predecessor-version":[{"id":9432,"href":"https:\/\/museologiavirtual.tech\/index.php?rest_route=\/wp\/v2\/pages\/425\/revisions\/9432"}],"wp:attachment":[{"href":"https:\/\/museologiavirtual.tech\/index.php?rest_route=%2Fwp%2Fv2%2Fmedia&parent=425"}],"curies":[{"name":"wp","href":"https:\/\/api.w.org\/{rel}","templated":true}]}}