{"id":402,"date":"2019-01-16T07:48:05","date_gmt":"2019-01-16T07:48:05","guid":{"rendered":"http:\/\/demo.ovathemes.com\/muzze\/?page_id=402"},"modified":"2024-02-12T21:56:44","modified_gmt":"2024-02-13T00:56:44","slug":"sobre","status":"publish","type":"page","link":"https:\/\/museologiavirtual.tech\/?page_id=402","title":{"rendered":"Sobre"},"content":{"rendered":"\t\t<div data-elementor-type=\"wp-post\" data-elementor-id=\"402\" class=\"elementor elementor-402\">\n\t\t\t\t\t\t<section class=\"elementor-section elementor-top-section elementor-element elementor-element-7d65822 elementor-section-boxed elementor-section-height-default elementor-section-height-default\" data-id=\"7d65822\" data-element_type=\"section\">\n\t\t\t\t\t\t<div class=\"elementor-container elementor-column-gap-default\">\n\t\t\t\t\t<div class=\"elementor-column elementor-col-100 elementor-top-column elementor-element elementor-element-42b6333\" data-id=\"42b6333\" data-element_type=\"column\">\n\t\t\t<div class=\"elementor-widget-wrap elementor-element-populated\">\n\t\t\t\t\t\t<div class=\"elementor-element elementor-element-842cae9 elementor-drop-cap-yes elementor-drop-cap-view-default elementor-widget elementor-widget-text-editor\" data-id=\"842cae9\" data-element_type=\"widget\" data-settings=\"{&quot;drop_cap&quot;:&quot;yes&quot;}\" data-widget_type=\"text-editor.default\">\n\t\t\t\t<div class=\"elementor-widget-container\">\n\t\t\t\t\t\t\t<p><strong>| Miss\u00e3o |<\/strong><\/p><p>Museologia virtual Lab, al\u00e9m de laborat\u00f3rio, \u00e9 projeto de extens\u00e3o e Grupo de pesquisa registrado no CNPq (<a href=\"https:\/\/dgp.cnpq.br\/dgp\/espelhogrupo\/788615\" target=\"_blank\" rel=\"noopener\">https:\/\/dgp.cnpq.br\/dgp\/espelhogrupo\/788615<\/a>).<\/p><p>Museologia Virtual Lab estuda e promove reflex\u00f5es no campo da Museologia, desenvolvendo a\u00e7\u00f5es e reflex\u00f5es educativas e culturais, a partir de atividades sustent\u00e1veis e inclusivas, voltadas aos direitos universais, em defesa da dignidade humana, do direito a mem\u00f3ria e da diversidade cultural e de g\u00eaneros. Promove a\u00e7\u00f5es acess\u00edveis que estimulem o pensamento cr\u00edtico, atrav\u00e9s de estudos transversais voltados aos diferentes segmentos sociais.<\/p><p>\u00a0<\/p><p><strong>| Vis\u00e3o |<\/strong><br \/>Ser reconhecida como projeto museol\u00f3gico e museal, que promove reflex\u00f5es e produ\u00e7\u00e3o de conhecimento.<\/p><p><strong>| Valores |<\/strong><br \/>Democracia, dignidade, diversidade, autonomia, inclus\u00e3o.<\/p>\t\t\t\t\t\t<\/div>\n\t\t\t\t<\/div>\n\t\t\t\t\t<\/div>\n\t\t<\/div>\n\t\t\t\t\t<\/div>\n\t\t<\/section>\n\t\t\t\t<\/div>\n\t\t","protected":false},"excerpt":{"rendered":"<p>| Miss\u00e3o | Museologia virtual Lab, al\u00e9m de laborat\u00f3rio, \u00e9 projeto de extens\u00e3o e Grupo de pesquisa registrado no CNPq (https:\/\/dgp.cnpq.br\/dgp\/espelhogrupo\/788615). Museologia Virtual Lab estuda e promove reflex\u00f5es no campo da Museologia, desenvolvendo a\u00e7\u00f5es e reflex\u00f5es educativas e culturais, a partir de atividades sustent\u00e1veis e inclusivas, voltadas aos direitos universais, em defesa da dignidade humana, [&hellip;]<\/p>\n","protected":false},"author":2,"featured_media":5093,"parent":0,"menu_order":0,"comment_status":"closed","ping_status":"closed","template":"","meta":{"saved_in_kubio":false,"footnotes":""},"class_list":["post-402","page","type-page","status-publish","has-post-thumbnail","hentry"],"kubio_ai_page_context":{"short_desc":"","purpose":"general"},"lang":"pt","translations":{"en":7309,"pt":402},"pll_sync_post":[],"_links":{"self":[{"href":"https:\/\/museologiavirtual.tech\/index.php?rest_route=\/wp\/v2\/pages\/402","targetHints":{"allow":["GET"]}}],"collection":[{"href":"https:\/\/museologiavirtual.tech\/index.php?rest_route=\/wp\/v2\/pages"}],"about":[{"href":"https:\/\/museologiavirtual.tech\/index.php?rest_route=\/wp\/v2\/types\/page"}],"author":[{"embeddable":true,"href":"https:\/\/museologiavirtual.tech\/index.php?rest_route=\/wp\/v2\/users\/2"}],"replies":[{"embeddable":true,"href":"https:\/\/museologiavirtual.tech\/index.php?rest_route=%2Fwp%2Fv2%2Fcomments&post=402"}],"version-history":[{"count":85,"href":"https:\/\/museologiavirtual.tech\/index.php?rest_route=\/wp\/v2\/pages\/402\/revisions"}],"predecessor-version":[{"id":9447,"href":"https:\/\/museologiavirtual.tech\/index.php?rest_route=\/wp\/v2\/pages\/402\/revisions\/9447"}],"wp:featuredmedia":[{"embeddable":true,"href":"https:\/\/museologiavirtual.tech\/index.php?rest_route=\/wp\/v2\/media\/5093"}],"wp:attachment":[{"href":"https:\/\/museologiavirtual.tech\/index.php?rest_route=%2Fwp%2Fv2%2Fmedia&parent=402"}],"curies":[{"name":"wp","href":"https:\/\/api.w.org\/{rel}","templated":true}]}}