{"id":305,"date":"2019-01-15T09:23:25","date_gmt":"2019-01-15T09:23:25","guid":{"rendered":"http:\/\/demo.ovathemes.com\/muzze\/?page_id=305"},"modified":"2024-02-20T20:07:00","modified_gmt":"2024-02-20T23:07:00","slug":"educativos","status":"publish","type":"page","link":"https:\/\/museologiavirtual.tech\/?page_id=305","title":{"rendered":"Educativo"},"content":{"rendered":"\t\t<div data-elementor-type=\"wp-post\" data-elementor-id=\"305\" class=\"elementor elementor-305\">\n\t\t\t\t\t\t<section class=\"elementor-section elementor-top-section elementor-element elementor-element-034ac4e elementor-section-full_width elementor-section-stretched elementor-section-height-default elementor-section-height-default\" data-id=\"034ac4e\" data-element_type=\"section\" data-settings=\"{&quot;stretch_section&quot;:&quot;section-stretched&quot;,&quot;background_background&quot;:&quot;classic&quot;,&quot;shape_divider_bottom&quot;:&quot;opacity-tilt&quot;}\">\n\t\t\t\t\t<div class=\"elementor-shape elementor-shape-bottom\" data-negative=\"false\">\n\t\t\t<svg xmlns=\"http:\/\/www.w3.org\/2000\/svg\" viewBox=\"0 0 2600 131.1\" preserveAspectRatio=\"none\">\n\t<path class=\"elementor-shape-fill\" d=\"M0 0L2600 0 2600 69.1 0 0z\"\/>\n\t<path class=\"elementor-shape-fill\" style=\"opacity:0.5\" d=\"M0 0L2600 0 2600 69.1 0 69.1z\"\/>\n\t<path class=\"elementor-shape-fill\" style=\"opacity:0.25\" d=\"M2600 0L0 0 0 130.1 2600 69.1z\"\/>\n<\/svg>\t\t<\/div>\n\t\t\t\t\t<div class=\"elementor-container elementor-column-gap-default\">\n\t\t\t\t\t<div class=\"elementor-column elementor-col-100 elementor-top-column elementor-element elementor-element-aa2812b\" data-id=\"aa2812b\" data-element_type=\"column\">\n\t\t\t<div class=\"elementor-widget-wrap elementor-element-populated\">\n\t\t\t\t\t\t<div class=\"elementor-element elementor-element-e02f9c9 elementor-widget elementor-widget-heading\" data-id=\"e02f9c9\" data-element_type=\"widget\" data-widget_type=\"heading.default\">\n\t\t\t\t<div class=\"elementor-widget-container\">\n\t\t\t<h2 class=\"elementor-heading-title elementor-size-default\">Apresenta\u00e7\u00e3o<\/h2>\t\t<\/div>\n\t\t\t\t<\/div>\n\t\t\t\t<div class=\"elementor-element elementor-element-42da2aa elementor-widget elementor-widget-text-editor\" data-id=\"42da2aa\" data-element_type=\"widget\" data-widget_type=\"text-editor.default\">\n\t\t\t\t<div class=\"elementor-widget-container\">\n\t\t\t\t\t\t\t<p>O Museologia Virtual tem desenvolvido materiais educativos diversos. Em breve, disponibilizaremos outros conte\u00fados.<\/p>\t\t\t\t\t\t<\/div>\n\t\t\t\t<\/div>\n\t\t\t\t\t<\/div>\n\t\t<\/div>\n\t\t\t\t\t<\/div>\n\t\t<\/section>\n\t\t\t\t<section class=\"elementor-section elementor-top-section elementor-element elementor-element-1b8c877 elementor-section-stretched elementor-section-boxed elementor-section-height-default elementor-section-height-default\" data-id=\"1b8c877\" data-element_type=\"section\" data-settings=\"{&quot;stretch_section&quot;:&quot;section-stretched&quot;}\">\n\t\t\t\t\t\t<div class=\"elementor-container elementor-column-gap-default\">\n\t\t\t\t\t<div class=\"elementor-column elementor-col-100 elementor-top-column elementor-element elementor-element-60e2027\" data-id=\"60e2027\" data-element_type=\"column\">\n\t\t\t<div class=\"elementor-widget-wrap elementor-element-populated\">\n\t\t\t\t\t\t<div class=\"elementor-element elementor-element-f9d80f0 elementor-widget elementor-widget-heading\" data-id=\"f9d80f0\" data-element_type=\"widget\" data-widget_type=\"heading.default\">\n\t\t\t\t<div class=\"elementor-widget-container\">\n\t\t\t<h2 class=\"elementor-heading-title elementor-size-default\">Debates<\/h2>\t\t<\/div>\n\t\t\t\t<\/div>\n\t\t\t\t\t<\/div>\n\t\t<\/div>\n\t\t\t\t\t<\/div>\n\t\t<\/section>\n\t\t\t\t<section class=\"elementor-section elementor-top-section elementor-element elementor-element-d03a3bf elementor-section-boxed elementor-section-height-default elementor-section-height-default\" data-id=\"d03a3bf\" data-element_type=\"section\">\n\t\t\t\t\t\t<div class=\"elementor-container elementor-column-gap-default\">\n\t\t\t\t\t<div class=\"elementor-column elementor-col-100 elementor-top-column elementor-element elementor-element-e3a5d35\" data-id=\"e3a5d35\" data-element_type=\"column\">\n\t\t\t<div class=\"elementor-widget-wrap elementor-element-populated\">\n\t\t\t\t\t\t<div class=\"elementor-element elementor-element-9a33f47 elementor-tabs-view-horizontal elementor-widget elementor-widget-tabs\" data-id=\"9a33f47\" data-element_type=\"widget\" data-widget_type=\"tabs.default\">\n\t\t\t\t<div class=\"elementor-widget-container\">\n\t\t\t\t\t<div class=\"elementor-tabs\">\n\t\t\t<div class=\"elementor-tabs-wrapper\" role=\"tablist\" >\n\t\t\t\t\t\t\t\t\t<div id=\"elementor-tab-title-1611\" class=\"elementor-tab-title elementor-tab-desktop-title\" aria-selected=\"true\" data-tab=\"1\" role=\"tab\" tabindex=\"0\" aria-controls=\"elementor-tab-content-1611\" aria-expanded=\"false\">DEBATE 1- Exposi\u00e7\u00e3o [Des]Mundo<\/div>\n\t\t\t\t\t\t\t\t\t<div id=\"elementor-tab-title-1612\" class=\"elementor-tab-title elementor-tab-desktop-title\" aria-selected=\"false\" data-tab=\"2\" role=\"tab\" tabindex=\"-1\" aria-controls=\"elementor-tab-content-1612\" aria-expanded=\"false\">DEBATE 2-Exposi\u00e7\u00e3o [Des]Mundo<\/div>\n\t\t\t\t\t\t\t<\/div>\n\t\t\t<div class=\"elementor-tabs-content-wrapper\" role=\"tablist\" aria-orientation=\"vertical\">\n\t\t\t\t\t\t\t\t\t<div class=\"elementor-tab-title elementor-tab-mobile-title\" aria-selected=\"true\" data-tab=\"1\" role=\"tab\" tabindex=\"0\" aria-controls=\"elementor-tab-content-1611\" aria-expanded=\"false\">DEBATE 1- Exposi\u00e7\u00e3o [Des]Mundo<\/div>\n\t\t\t\t\t<div id=\"elementor-tab-content-1611\" class=\"elementor-tab-content elementor-clearfix\" data-tab=\"1\" role=\"tabpanel\" aria-labelledby=\"elementor-tab-title-1611\" tabindex=\"0\" hidden=\"false\"><div id=\"below\" class=\"style-scope ytd-watch-flexy\"><div id=\"above-the-fold\" class=\"style-scope ytd-watch-metadata\"><div id=\"title\" class=\"style-scope ytd-watch-metadata\"><h4 class=\"style-scope ytd-watch-metadata\">DEBATE : Direitos Humanos e Museologia Social.<\/h4><p style=\"padding-left: 40px;\"><strong>Media\u00e7\u00e3o:<\/strong><\/p><p style=\"padding-left: 40px;\">Profa. Dra. Elizangela Carrijo<\/p><p style=\"padding-left: 40px;\"><strong>Palestrante:<\/strong><\/p><p style=\"padding-left: 40px;\">Vitor Nisida &#8211; Instituto Polis Carlos Reiss- Museu do Holocausto-Curitiba\/PR<\/p><p style=\"padding-left: 40px;\">Prof. Cl\u00f3vis Britto &#8211; Curso de Museologia | FCI | UnB<\/p><p style=\"padding-left: 40px;\"><a href=\"https:\/\/www.youtube.com\/watch?v=fq4TPc63ywM&amp;t=725s\" target=\"_blank\" rel=\"noopener\">Acesse aqui &gt;&gt;<\/a><\/p><\/div><\/div><\/div><p style=\"padding-left: 40px;\"><a href=\"https:\/\/www.youtube.com\/watch?v=fq4TPc63ywM&amp;t=725s\" target=\"_blank\" rel=\"noopener\"><img fetchpriority=\"high\" decoding=\"async\" class=\"alignnone wp-image-9455\" src=\"https:\/\/museologiavirtual.tech\/wp-content\/uploads\/2019\/01\/Debate-1-300x169.png\" alt=\"\" width=\"500\" height=\"281\" srcset=\"https:\/\/museologiavirtual.tech\/wp-content\/uploads\/2019\/01\/Debate-1-300x169.png 300w, https:\/\/museologiavirtual.tech\/wp-content\/uploads\/2019\/01\/Debate-1-1024x576.png 1024w, https:\/\/museologiavirtual.tech\/wp-content\/uploads\/2019\/01\/Debate-1-768x432.png 768w, https:\/\/museologiavirtual.tech\/wp-content\/uploads\/2019\/01\/Debate-1.png 1366w\" sizes=\"(max-width: 500px) 100vw, 500px\" \/><\/a><\/p><\/div>\n\t\t\t\t\t\t\t\t\t<div class=\"elementor-tab-title elementor-tab-mobile-title\" aria-selected=\"false\" data-tab=\"2\" role=\"tab\" tabindex=\"-1\" aria-controls=\"elementor-tab-content-1612\" aria-expanded=\"false\">DEBATE 2-Exposi\u00e7\u00e3o [Des]Mundo<\/div>\n\t\t\t\t\t<div id=\"elementor-tab-content-1612\" class=\"elementor-tab-content elementor-clearfix\" data-tab=\"2\" role=\"tabpanel\" aria-labelledby=\"elementor-tab-title-1612\" tabindex=\"0\" hidden=\"hidden\"><h4 class=\"style-scope ytd-watch-metadata\">Debate 2- Ato criativo em meio digital<\/h4><p style=\"padding-left: 40px;\"><strong>Mediadora: <\/strong><\/p><p style=\"padding-left: 40px;\">Rafaela Gueiros &#8211; IBraM<\/p><p style=\"padding-left: 40px;\"><strong>Palestrante: <\/strong><\/p><p style=\"padding-left: 40px;\">Z\u00e9 de Rocha &#8211; Artista criador da anima\u00e7\u00e3o &#8220;Folego&#8221;<\/p><p style=\"padding-left: 40px;\">Wagner Barja &#8211; Curador e artista criador da obra &#8220;Arapucas sem\u00e2nticas&#8221;<\/p><p style=\"padding-left: 40px;\">Profa. Cinara Barbosa &#8211; Instituto de Artes \/ UnB<\/p><p style=\"padding-left: 40px;\"><a href=\"https:\/\/www.youtube.com\/watch?v=jub3DfT7oeI&amp;t=9s\" target=\"_blank\" rel=\"noopener\">Acesse aqui&gt;&gt;&gt;<\/a><\/p><p style=\"padding-left: 40px;\"><a href=\"https:\/\/www.youtube.com\/watch?v=jub3DfT7oeI&amp;t=9s\" target=\"_blank\" rel=\"noopener\"><img decoding=\"async\" class=\"alignnone wp-image-9468\" src=\"https:\/\/museologiavirtual.tech\/wp-content\/uploads\/2019\/01\/Debate-2-300x169.png\" alt=\"\" width=\"500\" height=\"281\" srcset=\"https:\/\/museologiavirtual.tech\/wp-content\/uploads\/2019\/01\/Debate-2-300x169.png 300w, https:\/\/museologiavirtual.tech\/wp-content\/uploads\/2019\/01\/Debate-2-1024x576.png 1024w, https:\/\/museologiavirtual.tech\/wp-content\/uploads\/2019\/01\/Debate-2-768x432.png 768w, https:\/\/museologiavirtual.tech\/wp-content\/uploads\/2019\/01\/Debate-2.png 1366w\" sizes=\"(max-width: 500px) 100vw, 500px\" \/><\/a><\/p><\/div>\n\t\t\t\t\t\t\t<\/div>\n\t\t<\/div>\n\t\t\t\t<\/div>\n\t\t\t\t<\/div>\n\t\t\t\t\t<\/div>\n\t\t<\/div>\n\t\t\t\t\t<\/div>\n\t\t<\/section>\n\t\t\t\t<section class=\"elementor-section elementor-top-section elementor-element elementor-element-b7155af elementor-section-stretched elementor-section-boxed elementor-section-height-default elementor-section-height-default\" data-id=\"b7155af\" data-element_type=\"section\" data-settings=\"{&quot;stretch_section&quot;:&quot;section-stretched&quot;,&quot;shape_divider_top&quot;:&quot;opacity-fan&quot;}\">\n\t\t\t\t\t<div class=\"elementor-shape elementor-shape-top\" data-negative=\"false\">\n\t\t\t<svg xmlns=\"http:\/\/www.w3.org\/2000\/svg\" viewBox=\"0 0 283.5 19.6\" preserveAspectRatio=\"none\">\n\t<path class=\"elementor-shape-fill\" style=\"opacity:0.33\" d=\"M0 0L0 18.8 141.8 4.1 283.5 18.8 283.5 0z\"\/>\n\t<path class=\"elementor-shape-fill\" style=\"opacity:0.33\" d=\"M0 0L0 12.6 141.8 4 283.5 12.6 283.5 0z\"\/>\n\t<path class=\"elementor-shape-fill\" style=\"opacity:0.33\" d=\"M0 0L0 6.4 141.8 4 283.5 6.4 283.5 0z\"\/>\n\t<path class=\"elementor-shape-fill\" d=\"M0 0L0 1.2 141.8 4 283.5 1.2 283.5 0z\"\/>\n<\/svg>\t\t<\/div>\n\t\t\t\t\t<div class=\"elementor-container elementor-column-gap-default\">\n\t\t\t\t\t<div class=\"elementor-column elementor-col-100 elementor-top-column elementor-element elementor-element-f9f3786\" data-id=\"f9f3786\" data-element_type=\"column\">\n\t\t\t<div class=\"elementor-widget-wrap elementor-element-populated\">\n\t\t\t\t\t\t<div class=\"elementor-element elementor-element-dc25172 elementor-widget elementor-widget-heading\" data-id=\"dc25172\" data-element_type=\"widget\" data-widget_type=\"heading.default\">\n\t\t\t\t<div class=\"elementor-widget-container\">\n\t\t\t<h2 class=\"elementor-heading-title elementor-size-default\">Conversa com Artistas<\/h2>\t\t<\/div>\n\t\t\t\t<\/div>\n\t\t\t\t\t<\/div>\n\t\t<\/div>\n\t\t\t\t\t<\/div>\n\t\t<\/section>\n\t\t\t\t<section class=\"elementor-section elementor-top-section elementor-element elementor-element-8b72a0b elementor-section-boxed elementor-section-height-default elementor-section-height-default\" data-id=\"8b72a0b\" data-element_type=\"section\">\n\t\t\t\t\t\t<div class=\"elementor-container elementor-column-gap-default\">\n\t\t\t\t\t<div class=\"elementor-column elementor-col-100 elementor-top-column elementor-element elementor-element-4d28efc\" data-id=\"4d28efc\" data-element_type=\"column\">\n\t\t\t<div class=\"elementor-widget-wrap elementor-element-populated\">\n\t\t\t\t\t\t<div class=\"elementor-element elementor-element-87210cc elementor-tabs-view-horizontal elementor-widget elementor-widget-tabs\" data-id=\"87210cc\" data-element_type=\"widget\" data-widget_type=\"tabs.default\">\n\t\t\t\t<div class=\"elementor-widget-container\">\n\t\t\t\t\t<div class=\"elementor-tabs\">\n\t\t\t<div class=\"elementor-tabs-wrapper\" role=\"tablist\" >\n\t\t\t\t\t\t\t\t\t<div id=\"elementor-tab-title-1411\" class=\"elementor-tab-title elementor-tab-desktop-title\" aria-selected=\"true\" data-tab=\"1\" role=\"tab\" tabindex=\"0\" aria-controls=\"elementor-tab-content-1411\" aria-expanded=\"false\">Conversa 1 - Exposi\u00e7\u00e3o [Des]Mundo<\/div>\n\t\t\t\t\t\t\t\t\t<div id=\"elementor-tab-title-1412\" class=\"elementor-tab-title elementor-tab-desktop-title\" aria-selected=\"false\" data-tab=\"2\" role=\"tab\" tabindex=\"-1\" aria-controls=\"elementor-tab-content-1412\" aria-expanded=\"false\">Conversa 2- Exposi\u00e7\u00e3o [Des]Mundo<\/div>\n\t\t\t\t\t\t\t<\/div>\n\t\t\t<div class=\"elementor-tabs-content-wrapper\" role=\"tablist\" aria-orientation=\"vertical\">\n\t\t\t\t\t\t\t\t\t<div class=\"elementor-tab-title elementor-tab-mobile-title\" aria-selected=\"true\" data-tab=\"1\" role=\"tab\" tabindex=\"0\" aria-controls=\"elementor-tab-content-1411\" aria-expanded=\"false\">Conversa 1 - Exposi\u00e7\u00e3o [Des]Mundo<\/div>\n\t\t\t\t\t<div id=\"elementor-tab-content-1411\" class=\"elementor-tab-content elementor-clearfix\" data-tab=\"1\" role=\"tabpanel\" aria-labelledby=\"elementor-tab-title-1411\" tabindex=\"0\" hidden=\"false\"><h4 class=\"style-scope ytd-watch-metadata\" style=\"padding-left: 40px;\">Conversa com a artista Paula Brito<\/h4><h4 class=\"style-scope ytd-watch-metadata\" style=\"padding-left: 40px;\"><a href=\"https:\/\/www.youtube.com\/watch?v=3v_L5iBbFqs&amp;list=PLJ3C_V7uoDZHrAZRb88Dt4D0bOjivJAWh&amp;index=2\" target=\"_blank\" rel=\"noopener\">Acesse aqui&gt;&gt;&gt;<\/a><\/h4><p style=\"padding-left: 40px;\"><img decoding=\"async\" class=\"alignnone wp-image-9512\" src=\"https:\/\/museologiavirtual.tech\/wp-content\/uploads\/2019\/01\/Conversa-2.png\" alt=\"\" width=\"500\" height=\"281\" srcset=\"https:\/\/museologiavirtual.tech\/wp-content\/uploads\/2019\/01\/Conversa-2.png 1366w, https:\/\/museologiavirtual.tech\/wp-content\/uploads\/2019\/01\/Conversa-2-300x169.png 300w, https:\/\/museologiavirtual.tech\/wp-content\/uploads\/2019\/01\/Conversa-2-1024x576.png 1024w, https:\/\/museologiavirtual.tech\/wp-content\/uploads\/2019\/01\/Conversa-2-768x432.png 768w\" sizes=\"(max-width: 500px) 100vw, 500px\" \/><\/p><\/div>\n\t\t\t\t\t\t\t\t\t<div class=\"elementor-tab-title elementor-tab-mobile-title\" aria-selected=\"false\" data-tab=\"2\" role=\"tab\" tabindex=\"-1\" aria-controls=\"elementor-tab-content-1412\" aria-expanded=\"false\">Conversa 2- Exposi\u00e7\u00e3o [Des]Mundo<\/div>\n\t\t\t\t\t<div id=\"elementor-tab-content-1412\" class=\"elementor-tab-content elementor-clearfix\" data-tab=\"2\" role=\"tabpanel\" aria-labelledby=\"elementor-tab-title-1412\" tabindex=\"0\" hidden=\"hidden\"><div id=\"player\" class=\"style-scope ytd-watch-flexy\"><div id=\"player-container-outer\" class=\"style-scope ytd-watch-flexy\"><div id=\"player-container-inner\" class=\"style-scope ytd-watch-flexy\"><div id=\"player-container\" class=\"style-scope ytd-watch-flexy\" role=\"complementary\"><div id=\"container\" class=\"style-scope ytd-player\"><div id=\"movie_player\" class=\"html5-video-player ytp-transparent ytp-exp-bottom-control-flexbox ytp-modern-caption ytp-exp-ppp-update ytp-bigboards ytp-fit-cover-video ytp-autonav-endscreen-cancelled-state ytp-large-width-mode ytp-fine-scrubbing-exp playing-mode ytp-hide-info-bar ytp-autohide\" tabindex=\"-1\" data-version=\"\/s\/player\/5683fc5e\/player_ias.vflset\/pt_BR\/base.js\" aria-label=\"Player de v\u00eddeo do YouTube\">\u00a0<\/div><\/div><\/div><\/div><\/div><\/div><div id=\"below\" class=\"style-scope ytd-watch-flexy\"><div id=\"above-the-fold\" class=\"style-scope ytd-watch-metadata\"><div id=\"title\" class=\"style-scope ytd-watch-metadata\"><h4 class=\"style-scope ytd-watch-metadata\" style=\"padding-left: 40px;\">Conversa com a artista Mariana Maia<\/h4><p style=\"padding-left: 40px;\"><a href=\"https:\/\/www.youtube.com\/watch?v=lzj6d-4i2og&amp;list=PLJ3C_V7uoDZHrAZRb88Dt4D0bOjivJAWh\" target=\"_blank\" rel=\"noopener\">Acesse aqui&gt;&gt;&gt;<\/a><\/p><p style=\"padding-left: 40px;\"><a href=\"https:\/\/www.youtube.com\/watch?v=lzj6d-4i2og&amp;list=PLJ3C_V7uoDZHrAZRb88Dt4D0bOjivJAWh\" target=\"_blank\" rel=\"noopener\"><img loading=\"lazy\" decoding=\"async\" class=\"alignnone wp-image-9508\" src=\"https:\/\/museologiavirtual.tech\/wp-content\/uploads\/2019\/01\/Conversa-1-300x169.png\" alt=\"\" width=\"500\" height=\"281\" srcset=\"https:\/\/museologiavirtual.tech\/wp-content\/uploads\/2019\/01\/Conversa-1-300x169.png 300w, https:\/\/museologiavirtual.tech\/wp-content\/uploads\/2019\/01\/Conversa-1-1024x576.png 1024w, https:\/\/museologiavirtual.tech\/wp-content\/uploads\/2019\/01\/Conversa-1-768x432.png 768w, https:\/\/museologiavirtual.tech\/wp-content\/uploads\/2019\/01\/Conversa-1.png 1366w\" sizes=\"(max-width: 500px) 100vw, 500px\" \/><\/a><\/p><\/div><\/div><\/div><\/div>\n\t\t\t\t\t\t\t<\/div>\n\t\t<\/div>\n\t\t\t\t<\/div>\n\t\t\t\t<\/div>\n\t\t\t\t\t<\/div>\n\t\t<\/div>\n\t\t\t\t\t<\/div>\n\t\t<\/section>\n\t\t\t\t<section class=\"elementor-section elementor-top-section elementor-element elementor-element-3d34aad elementor-section-boxed elementor-section-height-default elementor-section-height-default\" data-id=\"3d34aad\" data-element_type=\"section\">\n\t\t\t\t\t\t<div class=\"elementor-container elementor-column-gap-default\">\n\t\t\t\t\t<div class=\"elementor-column elementor-col-100 elementor-top-column elementor-element elementor-element-f92ee06\" data-id=\"f92ee06\" data-element_type=\"column\">\n\t\t\t<div class=\"elementor-widget-wrap elementor-element-populated\">\n\t\t\t\t\t\t<div class=\"elementor-element elementor-element-32b5a3e elementor-widget elementor-widget-heading\" data-id=\"32b5a3e\" data-element_type=\"widget\" data-widget_type=\"heading.default\">\n\t\t\t\t<div class=\"elementor-widget-container\">\n\t\t\t<h2 class=\"elementor-heading-title elementor-size-default\">Anima\u00e7\u00f5es educativas<\/h2>\t\t<\/div>\n\t\t\t\t<\/div>\n\t\t\t\t\t<\/div>\n\t\t<\/div>\n\t\t\t\t\t<\/div>\n\t\t<\/section>\n\t\t\t\t<section class=\"elementor-section elementor-top-section elementor-element elementor-element-eb31db2 elementor-section-boxed elementor-section-height-default elementor-section-height-default\" data-id=\"eb31db2\" data-element_type=\"section\">\n\t\t\t\t\t\t<div class=\"elementor-container elementor-column-gap-default\">\n\t\t\t\t\t<div class=\"elementor-column elementor-col-100 elementor-top-column elementor-element elementor-element-6b2a332\" data-id=\"6b2a332\" data-element_type=\"column\">\n\t\t\t<div class=\"elementor-widget-wrap elementor-element-populated\">\n\t\t\t\t\t\t<div class=\"elementor-element elementor-element-016618f elementor-widget elementor-widget-video\" data-id=\"016618f\" data-element_type=\"widget\" data-settings=\"{&quot;youtube_url&quot;:&quot;https:\\\/\\\/www.youtube.com\\\/watch?v=xg5Voa4iQ34&amp;list=PLJ3C_V7uoDZGN_WojuLqlFSsay1Ikv1wK&amp;index=1&quot;,&quot;video_type&quot;:&quot;youtube&quot;,&quot;controls&quot;:&quot;yes&quot;}\" data-widget_type=\"video.default\">\n\t\t\t\t<div class=\"elementor-widget-container\">\n\t\t\t\t\t<div class=\"elementor-wrapper elementor-open-inline\">\n\t\t\t<div class=\"elementor-video\"><\/div>\t\t<\/div>\n\t\t\t\t<\/div>\n\t\t\t\t<\/div>\n\t\t\t\t\t<\/div>\n\t\t<\/div>\n\t\t\t\t\t<\/div>\n\t\t<\/section>\n\t\t\t\t<section class=\"elementor-section elementor-top-section elementor-element elementor-element-061b7c1 elementor-section-boxed elementor-section-height-default elementor-section-height-default\" data-id=\"061b7c1\" data-element_type=\"section\">\n\t\t\t\t\t\t<div class=\"elementor-container elementor-column-gap-default\">\n\t\t\t\t\t<div class=\"elementor-column elementor-col-100 elementor-top-column elementor-element elementor-element-2211621\" data-id=\"2211621\" data-element_type=\"column\">\n\t\t\t<div class=\"elementor-widget-wrap elementor-element-populated\">\n\t\t\t\t\t\t<div class=\"elementor-element elementor-element-74e4e62 elementor-widget elementor-widget-spacer\" data-id=\"74e4e62\" data-element_type=\"widget\" data-widget_type=\"spacer.default\">\n\t\t\t\t<div class=\"elementor-widget-container\">\n\t\t\t\t\t<div class=\"elementor-spacer\">\n\t\t\t<div class=\"elementor-spacer-inner\"><\/div>\n\t\t<\/div>\n\t\t\t\t<\/div>\n\t\t\t\t<\/div>\n\t\t\t\t\t<\/div>\n\t\t<\/div>\n\t\t\t\t\t<\/div>\n\t\t<\/section>\n\t\t\t\t<section class=\"elementor-section elementor-top-section elementor-element elementor-element-6050bf1 elementor-section-boxed elementor-section-height-default elementor-section-height-default\" data-id=\"6050bf1\" data-element_type=\"section\">\n\t\t\t\t\t\t<div class=\"elementor-container elementor-column-gap-default\">\n\t\t\t\t\t<div class=\"elementor-column elementor-col-100 elementor-top-column elementor-element elementor-element-5222131\" data-id=\"5222131\" data-element_type=\"column\">\n\t\t\t<div class=\"elementor-widget-wrap elementor-element-populated\">\n\t\t\t\t\t\t<div class=\"elementor-element elementor-element-c743169 elementor-widget elementor-widget-video\" data-id=\"c743169\" data-element_type=\"widget\" data-settings=\"{&quot;youtube_url&quot;:&quot;https:\\\/\\\/www.youtube.com\\\/watch?v=DtcTGhgmVH0&amp;list=PLJ3C_V7uoDZGN_WojuLqlFSsay1Ikv1wK&amp;index=2&quot;,&quot;video_type&quot;:&quot;youtube&quot;,&quot;controls&quot;:&quot;yes&quot;}\" data-widget_type=\"video.default\">\n\t\t\t\t<div class=\"elementor-widget-container\">\n\t\t\t\t\t<div class=\"elementor-wrapper elementor-open-inline\">\n\t\t\t<div class=\"elementor-video\"><\/div>\t\t<\/div>\n\t\t\t\t<\/div>\n\t\t\t\t<\/div>\n\t\t\t\t\t<\/div>\n\t\t<\/div>\n\t\t\t\t\t<\/div>\n\t\t<\/section>\n\t\t\t\t<\/div>\n\t\t","protected":false},"excerpt":{"rendered":"<p>Apresenta\u00e7\u00e3o O Museologia Virtual tem desenvolvido materiais educativos diversos. Em breve, disponibilizaremos outros conte\u00fados. Debates DEBATE 1- Exposi\u00e7\u00e3o [Des]Mundo DEBATE 2-Exposi\u00e7\u00e3o [Des]Mundo DEBATE 1- Exposi\u00e7\u00e3o [Des]Mundo DEBATE : Direitos Humanos e Museologia Social. Media\u00e7\u00e3o: Profa. Dra. Elizangela Carrijo Palestrante: Vitor Nisida &#8211; Instituto Polis Carlos Reiss- Museu do Holocausto-Curitiba\/PR Prof. Cl\u00f3vis Britto &#8211; Curso de [&hellip;]<\/p>\n","protected":false},"author":2,"featured_media":0,"parent":0,"menu_order":0,"comment_status":"closed","ping_status":"closed","template":"","meta":{"saved_in_kubio":false,"footnotes":""},"class_list":["post-305","page","type-page","status-publish","hentry"],"kubio_ai_page_context":{"short_desc":"","purpose":"general"},"lang":"pt","translations":{"en":7298,"pt":305},"pll_sync_post":[],"_links":{"self":[{"href":"https:\/\/museologiavirtual.tech\/index.php?rest_route=\/wp\/v2\/pages\/305","targetHints":{"allow":["GET"]}}],"collection":[{"href":"https:\/\/museologiavirtual.tech\/index.php?rest_route=\/wp\/v2\/pages"}],"about":[{"href":"https:\/\/museologiavirtual.tech\/index.php?rest_route=\/wp\/v2\/types\/page"}],"author":[{"embeddable":true,"href":"https:\/\/museologiavirtual.tech\/index.php?rest_route=\/wp\/v2\/users\/2"}],"replies":[{"embeddable":true,"href":"https:\/\/museologiavirtual.tech\/index.php?rest_route=%2Fwp%2Fv2%2Fcomments&post=305"}],"version-history":[{"count":246,"href":"https:\/\/museologiavirtual.tech\/index.php?rest_route=\/wp\/v2\/pages\/305\/revisions"}],"predecessor-version":[{"id":9542,"href":"https:\/\/museologiavirtual.tech\/index.php?rest_route=\/wp\/v2\/pages\/305\/revisions\/9542"}],"wp:attachment":[{"href":"https:\/\/museologiavirtual.tech\/index.php?rest_route=%2Fwp%2Fv2%2Fmedia&parent=305"}],"curies":[{"name":"wp","href":"https:\/\/api.w.org\/{rel}","templated":true}]}}