{"id":15593,"date":"2022-04-08T14:38:58","date_gmt":"2022-04-08T17:38:58","guid":{"rendered":"https:\/\/museologiavirtual.tech\/diversidade\/?page_id=15593"},"modified":"2022-04-08T16:02:22","modified_gmt":"2022-04-08T19:02:22","slug":"depoimentos","status":"publish","type":"page","link":"https:\/\/museologiavirtual.tech\/diversidade\/?page_id=15593","title":{"rendered":"Depoimentos"},"content":{"rendered":"<p>[vc_row css_animation=&#8221;&#8221; row_type=&#8221;row&#8221; use_row_as_full_screen_section=&#8221;no&#8221; type=&#8221;full_width&#8221; angled_section=&#8221;no&#8221; text_align=&#8221;left&#8221; background_image_as_pattern=&#8221;without_pattern&#8221;][vc_column]<div class='testimonials_holder clearfix dark'><div class=\"testimonials testimonials_carousel\" data-show-navigation=\"yes\" data-animation-type=\"fade\" data-animation-speed=\"\" data-auto-rotate-slides=\"3\" data-number-per-slide=\"1\"><ul class=\"slides\"><li id=\"testimonials15595\" class=\"testimonial_content\"><div class=\"testimonial_content_inner\"><div class=\"testimonial_image_holder\"><img decoding=\"async\" itemprop=\"image\" src=\"https:\/\/museologiavirtual.tech\/diversidade\/wp-content\/uploads\/2022\/04\/Bruno.jpg\" \/><\/div><div class=\"testimonial_text_holder\"><div class=\"testimonial_text_inner\" style=\"\"><p>Um dos maiores acervos de museologia podem ser encontrados por aqui em grande variedade.<\/p><p class=\"testimonial_author\" style=\"\">Prof. Dr. Bruno Brulon<span class=\"author_company_divider\"> - <\/span><span class=\"author_company\">UniRio\/ICOM<\/span><\/p><\/div><\/div><\/div><\/li><li id=\"testimonials15607\" class=\"testimonial_content\"><div class=\"testimonial_content_inner\"><div class=\"testimonial_image_holder\"><img decoding=\"async\" itemprop=\"image\" src=\"https:\/\/museologiavirtual.tech\/diversidade\/wp-content\/uploads\/2022\/04\/images.jpg\" \/><\/div><div class=\"testimonial_text_holder\"><div class=\"testimonial_text_inner\" style=\"\"><p>Conferi o importante trabalho realizado e recomendo a visualiza\u00e7\u00e3o das exposi\u00e7\u00f5es que aqui se encontram.<\/p><p class=\"testimonial_author\" style=\"\">Prof. Dr. M\u00e1rio Moutinho<span class=\"author_company_divider\"> - <\/span><span class=\"author_company\">Museologia Social  Universidade Lus\u00f3fona- Porto\/Portugal<\/span><\/p><\/div><\/div><\/div><\/li><li id=\"testimonials15606\" class=\"testimonial_content\"><div class=\"testimonial_content_inner\"><div class=\"testimonial_image_holder\"><img decoding=\"async\" itemprop=\"image\" src=\"https:\/\/museologiavirtual.tech\/diversidade\/wp-content\/uploads\/2022\/04\/museuzoroastroartiagamuseologa.jpg\" \/><\/div><div class=\"testimonial_text_holder\"><div class=\"testimonial_text_inner\" style=\"\"><p>Projeto muito bem planejado parab\u00e9ns aos envolvidos.<\/p><p class=\"testimonial_author\" style=\"\">Profa. Dra. Maria C\u00e9lia<span class=\"author_company_divider\"> - <\/span><span class=\"author_company\">UFBA<\/span><\/p><\/div><\/div><\/div><\/li><\/ul><\/div><\/div>[\/vc_column][\/vc_row]<\/p>\n","protected":false},"excerpt":{"rendered":"<p>[vc_row css_animation=&#8221;&#8221; row_type=&#8221;row&#8221; use_row_as_full_screen_section=&#8221;no&#8221; type=&#8221;full_width&#8221; angled_section=&#8221;no&#8221; text_align=&#8221;left&#8221; background_image_as_pattern=&#8221;without_pattern&#8221;][vc_column][\/vc_column][\/vc_row]<\/p>\n","protected":false},"author":1,"featured_media":0,"parent":0,"menu_order":0,"comment_status":"open","ping_status":"closed","template":"full_width.php","meta":{"footnotes":""},"class_list":["post-15593","page","type-page","status-publish","hentry"],"_links":{"self":[{"href":"https:\/\/museologiavirtual.tech\/diversidade\/index.php?rest_route=\/wp\/v2\/pages\/15593","targetHints":{"allow":["GET"]}}],"collection":[{"href":"https:\/\/museologiavirtual.tech\/diversidade\/index.php?rest_route=\/wp\/v2\/pages"}],"about":[{"href":"https:\/\/museologiavirtual.tech\/diversidade\/index.php?rest_route=\/wp\/v2\/types\/page"}],"author":[{"embeddable":true,"href":"https:\/\/museologiavirtual.tech\/diversidade\/index.php?rest_route=\/wp\/v2\/users\/1"}],"replies":[{"embeddable":true,"href":"https:\/\/museologiavirtual.tech\/diversidade\/index.php?rest_route=%2Fwp%2Fv2%2Fcomments&post=15593"}],"version-history":[{"count":2,"href":"https:\/\/museologiavirtual.tech\/diversidade\/index.php?rest_route=\/wp\/v2\/pages\/15593\/revisions"}],"predecessor-version":[{"id":15639,"href":"https:\/\/museologiavirtual.tech\/diversidade\/index.php?rest_route=\/wp\/v2\/pages\/15593\/revisions\/15639"}],"wp:attachment":[{"href":"https:\/\/museologiavirtual.tech\/diversidade\/index.php?rest_route=%2Fwp%2Fv2%2Fmedia&parent=15593"}],"curies":[{"name":"wp","href":"https:\/\/api.w.org\/{rel}","templated":true}]}}