{"id":15586,"date":"2022-04-08T14:05:58","date_gmt":"2022-04-08T17:05:58","guid":{"rendered":"https:\/\/museologiavirtual.tech\/diversidade\/?page_id=15586"},"modified":"2022-04-08T16:02:31","modified_gmt":"2022-04-08T19:02:31","slug":"educativo","status":"publish","type":"page","link":"https:\/\/museologiavirtual.tech\/diversidade\/?page_id=15586","title":{"rendered":"Educativo"},"content":{"rendered":"<p>[vc_row css_animation=&#8221;&#8221; row_type=&#8221;row&#8221; use_row_as_full_screen_section=&#8221;no&#8221; type=&#8221;grid&#8221; angled_section=&#8221;no&#8221; text_align=&#8221;center&#8221; background_image_as_pattern=&#8221;without_pattern&#8221; padding_top=&#8221;82&#8243; padding_bottom=&#8221;50&#8243;][vc_column offset=&#8221;vc_col-lg-offset-2 vc_col-lg-8 vc_col-md-offset-1 vc_col-md-10&#8243;][vc_column_text]<\/p>\n<p style=\"text-align: center;\"><span style=\"font-size: 14pt;\">As curadoras e curadores da exposi\u00e7\u00e3o desenvolveram a\u00e7\u00f5es educativas digitais. Listamos aqui algumas atividades.<\/span><\/p>\n<p>[\/vc_column_text][\/vc_column][\/vc_row][vc_row css_animation=&#8221;&#8221; row_type=&#8221;row&#8221; use_row_as_full_screen_section=&#8221;no&#8221; type=&#8221;grid&#8221; angled_section=&#8221;no&#8221; text_align=&#8221;center&#8221; background_image_as_pattern=&#8221;without_pattern&#8221; background_color=&#8221;#fcfcfc&#8221; padding_top=&#8221;90&#8243; padding_bottom=&#8221;26&#8243; z_index=&#8221;&#8221;][vc_column width=&#8221;1\/3&#8243;]<div class='q_icon_with_title tiny normal_icon center '><div class=\"icon_holder \" style=\"margin: 0 0 35px 0; \"><span data-icon-type=\"normal\"  data-icon-hover-color=\"#1abc9c\" style=\"font-size: 35px;\" class=\"qode_iwt_icon_holder q_font_awsome_icon fa-lg  \"><i class=\"qode_icon_font_awesome_5 fa5 fa fa-user-plus qode_iwt_icon_element\" style=\"color: #d2d2d2;\" ><\/i><\/span><\/div><div class=\"icon_text_holder\" style=\"\"><div class=\"icon_text_inner\" style=\"\"><h5 class=\"icon_title\" style=\"font-weight: 600;\">Media\u00e7\u00f5es Digitais<\/h5><p style=''>Ser\u00e3o Realizadas em Breve<\/p><\/div><\/div><\/div>[vc_separator type=&#8221;transparent&#8221; up=&#8221;40&#8243; down=&#8221;0&#8243;]<div class='q_icon_with_title tiny normal_icon center '><div class=\"icon_holder \" style=\"margin: 0 0 35px 0; \"><span data-icon-type=\"normal\"  data-icon-hover-color=\"#1abc9c\" style=\"font-size: 35px;\" class=\"qode_iwt_icon_holder q_font_awsome_icon fa-lg  \"><span aria-hidden=\"true\" class=\"qode_icon_font_elegant icon_globe qode_iwt_icon_element\" style=\"color: #d2d2d2;\" ><\/span><\/span><\/div><div class=\"icon_text_holder\" style=\"\"><div class=\"icon_text_inner\" style=\"\"><h5 class=\"icon_title\" style=\"font-weight: 600;\">VARAL DE MEM\u00d3RIAS<\/h5><p style=''>Venha conhecer a \u00e1rea de de Museologia da UnB de forma interativa<\/p><\/div><\/div><\/div>[vc_separator type=&#8221;transparent&#8221; up=&#8221;40&#8243; down=&#8221;0&#8243;][\/vc_column][vc_column width=&#8221;1\/3&#8243;]<div class='q_icon_with_title tiny normal_icon center '><div class=\"icon_holder \" style=\"margin: 0 0 35px 0; \"><span data-icon-type=\"normal\"  data-icon-hover-color=\"#1abc9c\" style=\"font-size: 35px;\" class=\"qode_iwt_icon_holder q_font_awsome_icon fa-lg  \"><i class=\"qode_icon_font_awesome_5 fa5 fa fa-gamepad qode_iwt_icon_element\" style=\"color: #d2d2d2;\" ><\/i><\/span><\/div><div class=\"icon_text_holder\" style=\"\"><div class=\"icon_text_inner\" style=\"\"><h5 class=\"icon_title\" style=\"font-weight: 600;\">Jogos<\/h5><p style=''>Jogos Educativos<\/p><\/div><\/div><\/div>[vc_separator type=&#8221;transparent&#8221; up=&#8221;40&#8243; down=&#8221;0&#8243;]<div class='q_icon_with_title tiny normal_icon center '><div class=\"icon_holder \" style=\"margin: 0 0 35px 0; \"><span data-icon-type=\"normal\"  data-icon-hover-color=\"#1abc9c\" style=\"font-size: 35px;\" class=\"qode_iwt_icon_holder q_font_awsome_icon fa-lg  \"><i class=\"qode_icon_font_awesome_5 fa5 fab fa-youtube-square qode_iwt_icon_element\" style=\"color: #d2d2d2;\" ><\/i><\/span><\/div><div class=\"icon_text_holder\" style=\"\"><div class=\"icon_text_inner\" style=\"\"><h5 class=\"icon_title\" style=\"font-weight: 600;\">VIDEO AULAS<\/h5><p style=''>Video aulas educativas<\/p><\/div><\/div><\/div>[vc_separator type=&#8221;transparent&#8221; up=&#8221;40&#8243; down=&#8221;0&#8243;][\/vc_column][vc_column width=&#8221;1\/3&#8243;]<div class='q_icon_with_title tiny normal_icon center '><div class=\"icon_holder \" style=\"margin: 0 0 35px 0; \"><span data-icon-type=\"normal\"  data-icon-hover-color=\"#1abc9c\" style=\"font-size: 35px;\" class=\"qode_iwt_icon_holder q_font_awsome_icon fa-lg  \"><i class=\"qode_icon_font_awesome_5 fa5 fa fa-phone-volume qode_iwt_icon_element\" style=\"color: #d2d2d2;\" ><\/i><\/span><\/div><div class=\"icon_text_holder\" style=\"\"><div class=\"icon_text_inner\" style=\"\"><h5 class=\"icon_title\" style=\"font-weight: 600;\">CONTA\u00c7\u00c3O DE HIST\u00d3RIAS<\/h5><p style=''>Venha conhecer a hist\u00f3ria do Curso de Museologia -Podcast<\/p><\/div><\/div><\/div>[vc_separator type=&#8221;transparent&#8221; up=&#8221;40&#8243; down=&#8221;0&#8243;]<div class='q_icon_with_title tiny normal_icon center '><div class=\"icon_holder \" style=\"margin: 0 0 35px 0; \"><span data-icon-type=\"normal\"  data-icon-hover-color=\"#1abc9c\" style=\"font-size: 35px;\" class=\"qode_iwt_icon_holder q_font_awsome_icon fa-lg  \"><i class=\"qode_icon_font_awesome_5 fa5 fab fa-android qode_iwt_icon_element\" style=\"color: #d2d2d2;\" ><\/i><\/span><\/div><div class=\"icon_text_holder\" style=\"\"><div class=\"icon_text_inner\" style=\"\"><h5 class=\"icon_title\" style=\"font-weight: 600;\">MATERIAL DIGITAL<\/h5><p style=''>Download de material digital<\/p><\/div><\/div><\/div>[vc_separator type=&#8221;transparent&#8221; up=&#8221;40&#8243; down=&#8221;0&#8243;][\/vc_column][\/vc_row]<\/p>\n","protected":false},"excerpt":{"rendered":"<p>[vc_row css_animation=&#8221;&#8221; row_type=&#8221;row&#8221; use_row_as_full_screen_section=&#8221;no&#8221; type=&#8221;grid&#8221; angled_section=&#8221;no&#8221; text_align=&#8221;center&#8221; background_image_as_pattern=&#8221;without_pattern&#8221; padding_top=&#8221;82&#8243; padding_bottom=&#8221;50&#8243;][vc_column offset=&#8221;vc_col-lg-offset-2 vc_col-lg-8 vc_col-md-offset-1 vc_col-md-10&#8243;][vc_column_text] As curadoras e curadores da exposi\u00e7\u00e3o desenvolveram a\u00e7\u00f5es educativas digitais. Listamos aqui algumas atividades. [\/vc_column_text][\/vc_column][\/vc_row][vc_row css_animation=&#8221;&#8221; row_type=&#8221;row&#8221; use_row_as_full_screen_section=&#8221;no&#8221; type=&#8221;grid&#8221; angled_section=&#8221;no&#8221; text_align=&#8221;center&#8221; background_image_as_pattern=&#8221;without_pattern&#8221; background_color=&#8221;#fcfcfc&#8221; padding_top=&#8221;90&#8243; padding_bottom=&#8221;26&#8243; z_index=&#8221;&#8221;][vc_column width=&#8221;1\/3&#8243;][vc_separator type=&#8221;transparent&#8221; up=&#8221;40&#8243; down=&#8221;0&#8243;][vc_separator type=&#8221;transparent&#8221; up=&#8221;40&#8243; down=&#8221;0&#8243;][\/vc_column][vc_column width=&#8221;1\/3&#8243;][vc_separator type=&#8221;transparent&#8221; up=&#8221;40&#8243; down=&#8221;0&#8243;][vc_separator type=&#8221;transparent&#8221; up=&#8221;40&#8243; down=&#8221;0&#8243;][\/vc_column][vc_column width=&#8221;1\/3&#8243;][vc_separator type=&#8221;transparent&#8221; up=&#8221;40&#8243; down=&#8221;0&#8243;][vc_separator type=&#8221;transparent&#8221; up=&#8221;40&#8243; down=&#8221;0&#8243;][\/vc_column][\/vc_row]<\/p>\n","protected":false},"author":1,"featured_media":0,"parent":0,"menu_order":0,"comment_status":"open","ping_status":"closed","template":"full_width.php","meta":{"footnotes":""},"class_list":["post-15586","page","type-page","status-publish","hentry"],"_links":{"self":[{"href":"https:\/\/museologiavirtual.tech\/diversidade\/index.php?rest_route=\/wp\/v2\/pages\/15586","targetHints":{"allow":["GET"]}}],"collection":[{"href":"https:\/\/museologiavirtual.tech\/diversidade\/index.php?rest_route=\/wp\/v2\/pages"}],"about":[{"href":"https:\/\/museologiavirtual.tech\/diversidade\/index.php?rest_route=\/wp\/v2\/types\/page"}],"author":[{"embeddable":true,"href":"https:\/\/museologiavirtual.tech\/diversidade\/index.php?rest_route=\/wp\/v2\/users\/1"}],"replies":[{"embeddable":true,"href":"https:\/\/museologiavirtual.tech\/diversidade\/index.php?rest_route=%2Fwp%2Fv2%2Fcomments&post=15586"}],"version-history":[{"count":7,"href":"https:\/\/museologiavirtual.tech\/diversidade\/index.php?rest_route=\/wp\/v2\/pages\/15586\/revisions"}],"predecessor-version":[{"id":15759,"href":"https:\/\/museologiavirtual.tech\/diversidade\/index.php?rest_route=\/wp\/v2\/pages\/15586\/revisions\/15759"}],"wp:attachment":[{"href":"https:\/\/museologiavirtual.tech\/diversidade\/index.php?rest_route=%2Fwp%2Fv2%2Fmedia&parent=15586"}],"curies":[{"name":"wp","href":"https:\/\/api.w.org\/{rel}","templated":true}]}}