{"id":15340,"date":"2015-05-25T12:06:47","date_gmt":"2015-05-25T15:06:47","guid":{"rendered":"http:\/\/demo.qodeinteractive.com\/bridge105\/?page_id=15340"},"modified":"2023-07-21T09:00:08","modified_gmt":"2023-07-21T12:00:08","slug":"blog","status":"publish","type":"page","link":"https:\/\/museologiavirtual.tech\/diversidade\/?page_id=15340","title":{"rendered":"Blog"},"content":{"rendered":"<p>[vc_row css_animation=&#8221;&#8221; row_type=&#8221;row&#8221; use_row_as_full_screen_section=&#8221;no&#8221; type=&#8221;full_width&#8221; angled_section=&#8221;no&#8221; text_align=&#8221;left&#8221; background_image_as_pattern=&#8221;without_pattern&#8221;][vc_column][vc_column_text]<\/p>\n<p>Eu sou um bloco de texto. Clique no bot\u00e3o Editar (L\u00e1pis) para alterar o conte\u00fado deste elemento.<\/p>\n<p>[\/vc_column_text][\/vc_column][\/vc_row][vc_row css_animation=&#8221;&#8221; row_type=&#8221;row&#8221; use_row_as_full_screen_section=&#8221;no&#8221; type=&#8221;full_width&#8221; angled_section=&#8221;no&#8221; text_align=&#8221;left&#8221; background_image_as_pattern=&#8221;without_pattern&#8221;][vc_column][vc_column_text]Eu sou um bloco de texto. Clique no bot\u00e3o Editar (L\u00e1pis) para alterar o conte\u00fado deste elemento.[\/vc_column_text][\/vc_column][\/vc_row]<\/p>\n","protected":false},"excerpt":{"rendered":"<p>[vc_row css_animation=&#8221;&#8221; row_type=&#8221;row&#8221; use_row_as_full_screen_section=&#8221;no&#8221; type=&#8221;full_width&#8221; angled_section=&#8221;no&#8221; text_align=&#8221;left&#8221; background_image_as_pattern=&#8221;without_pattern&#8221;][vc_column][vc_column_text] Eu sou um bloco de texto. Clique no bot\u00e3o Editar (L\u00e1pis) para alterar o conte\u00fado deste elemento. [\/vc_column_text][\/vc_column][\/vc_row][vc_row css_animation=&#8221;&#8221; row_type=&#8221;row&#8221; use_row_as_full_screen_section=&#8221;no&#8221; type=&#8221;full_width&#8221; angled_section=&#8221;no&#8221; text_align=&#8221;left&#8221; background_image_as_pattern=&#8221;without_pattern&#8221;][vc_column][vc_column_text]Eu sou um bloco de texto. Clique no bot\u00e3o Editar (L\u00e1pis) para alterar o conte\u00fado deste elemento.[\/vc_column_text][\/vc_column][\/vc_row]<\/p>\n","protected":false},"author":1,"featured_media":0,"parent":0,"menu_order":0,"comment_status":"open","ping_status":"closed","template":"blog-large-image-with-dividers.php","meta":{"footnotes":""},"class_list":["post-15340","page","type-page","status-publish","hentry"],"_links":{"self":[{"href":"https:\/\/museologiavirtual.tech\/diversidade\/index.php?rest_route=\/wp\/v2\/pages\/15340","targetHints":{"allow":["GET"]}}],"collection":[{"href":"https:\/\/museologiavirtual.tech\/diversidade\/index.php?rest_route=\/wp\/v2\/pages"}],"about":[{"href":"https:\/\/museologiavirtual.tech\/diversidade\/index.php?rest_route=\/wp\/v2\/types\/page"}],"author":[{"embeddable":true,"href":"https:\/\/museologiavirtual.tech\/diversidade\/index.php?rest_route=\/wp\/v2\/users\/1"}],"replies":[{"embeddable":true,"href":"https:\/\/museologiavirtual.tech\/diversidade\/index.php?rest_route=%2Fwp%2Fv2%2Fcomments&post=15340"}],"version-history":[{"count":3,"href":"https:\/\/museologiavirtual.tech\/diversidade\/index.php?rest_route=\/wp\/v2\/pages\/15340\/revisions"}],"predecessor-version":[{"id":15762,"href":"https:\/\/museologiavirtual.tech\/diversidade\/index.php?rest_route=\/wp\/v2\/pages\/15340\/revisions\/15762"}],"wp:attachment":[{"href":"https:\/\/museologiavirtual.tech\/diversidade\/index.php?rest_route=%2Fwp%2Fv2%2Fmedia&parent=15340"}],"curies":[{"name":"wp","href":"https:\/\/api.w.org\/{rel}","templated":true}]}}